{"id":604,"date":"2016-06-09T13:17:41","date_gmt":"2016-06-09T17:17:41","guid":{"rendered":"http:\/\/www.yourconcierge.net\/fr\/pays\/cuba\/"},"modified":"2016-08-31T00:15:16","modified_gmt":"2016-08-31T04:15:16","slug":"cuba","status":"publish","type":"page","link":"http:\/\/www.yourconcierge.net\/fr\/pays\/cuba\/","title":{"rendered":"CUBA"},"content":{"rendered":"<div id='full_slider_1' class='avia-fullwidth-slider main_color avia-shadow   avia-builder-el-0  el_before_av_one_full  avia-builder-el-first  container_wrap fullsize' style=' '  ><div  data-size='featured_large'  data-lightbox_size='large'  data-animation='fade'  data-conditional_play=''  data-ids='270,277,278'  data-video_counter='0'  data-autoplay='true'  data-bg_slider='false'  data-slide_height=''  data-handle='av_slideshow_full'  data-interval='3'  data-class=' image_no_stretch'  data-css_id=''  data-scroll_down=''  data-control_layout='av-control-default'  data-custom_markup=''  data-perma_caption=''  data-autoplay_stopper=''  data-image_attachment=''  data-min_height='0px'  data-src=''  data-position='top left'  data-repeat='no-repeat'  data-attach='scroll'  data-stretch='image_no_stretch'  data-default-height='42'  class='avia-slideshow avia-slideshow-1  av-control-default av-default-height-applied avia-slideshow-featured_large av_slideshow_full  image_no_stretch avia-fade-slider '  itemprop=\"ImageObject\" itemscope=\"itemscope\" itemtype=\"https:\/\/schema.org\/ImageObject\" ><ul class='avia-slideshow-inner ' style='padding-bottom: 42%;' ><li  class=' slide-1 ' ><div data-rel='slideshow-1' class='avia-slide-wrap '   ><img src='http:\/\/www.yourconcierge.net\/wp-content\/uploads\/YourConcierge-Cuba1.jpg' width='1500' height='630' title='Your Concierge - Countries - Cuba' alt='Your Concierge - Pays - Cuba'  itemprop=\"thumbnailUrl\"   \/><\/div><\/li><li  class=' slide-2 ' ><div data-rel='slideshow-1' class='avia-slide-wrap '  title='Your Concierge - Pays - Cuba' ><img src='http:\/\/www.yourconcierge.net\/wp-content\/uploads\/YourConcierge-Cuba2.jpg' width='1500' height='630' title='Your Concierge - Pays - Cuba' alt='Your Concierge - Pays - Cuba'  itemprop=\"thumbnailUrl\"   \/><\/div><\/li><li  class=' slide-3 ' ><div data-rel='slideshow-1' class='avia-slide-wrap '  title='Your Concierge - Pays - Cuba' ><img src='http:\/\/www.yourconcierge.net\/wp-content\/uploads\/YourConcierge-Cuba3.jpg' width='1500' height='630' title='Your Concierge - Pays - Cuba' alt='Your Concierge - Pays - Cuba'  itemprop=\"thumbnailUrl\"   \/><\/div><\/li><\/ul><div class='avia-slideshow-arrows avia-slideshow-controls'><a href='#prev' class='prev-slide' aria-hidden='true' data-av_icon='\ue87c' data-av_iconfont='entypo-fontello'>Pr\u00e9c\u00e9dent<\/a><a href='#next' class='next-slide' aria-hidden='true' data-av_icon='\ue87d' data-av_iconfont='entypo-fontello'>Suivant<\/a><\/div><div class='avia-slideshow-dots avia-slideshow-controls'><a href='#1' class='goto-slide active' >1<\/a><a href='#2' class='goto-slide ' >2<\/a><a href='#3' class='goto-slide ' >3<\/a><\/div><\/div><\/div><div id='after_full_slider_1' class='main_color av_default_container_wrap container_wrap fullsize' style=' '  ><div class='container' ><div class='template-page content  av-content-full alpha units'><div class='post-entry post-entry-type-page post-entry-604'><div class='entry-content-wrapper clearfix'>\n<div class=\"flex_column av_one_full  flex_column_div av-zero-column-padding first  avia-builder-el-1  el_after_av_slideshow_full  avia-builder-el-no-sibling  \" style='border-radius:0px; '><p><div style='padding-bottom:10px; ' class='av-special-heading av-special-heading-h2    avia-builder-el-2  el_before_av_textblock  avia-builder-el-first   '><h2 class='av-special-heading-tag '  itemprop=\"headline\"  >CUBA &#8211; BIENT\u00d4T!<\/h2><div class='special-heading-border'><div class='special-heading-inner-border' ><\/div><\/div><\/div><br \/>\n<section class=\"av_textblock_section \"  itemscope=\"itemscope\" itemtype=\"https:\/\/schema.org\/CreativeWork\" ><div class='avia_textblock  '   itemprop=\"text\" ><p>Cuba est une \u00eele pleine d&rsquo;art vibrant, de musique et de villages coloniales \u00e9mouvants. Elle abrite neuf sites du patrimoine mondial de l&rsquo;UNESCO et une population aussi chaude et scintillante comme son climat tropical et ses arts color\u00e9s. C\u2019est un pays qui ne demande qu&rsquo;\u00e0 \u00eatre explor\u00e9.<\/p>\n<p>L&rsquo;\u00eele est divis\u00e9e en 15 provinces et une municipalit\u00e9 sp\u00e9ciale, \u00ab\u00a0Isla de la Juventud\u00a0\u00bb. Les zones notables de Cuba incluent: rural Pi\u00f1ar del Rio, o\u00f9 la culture du tabac prend de l&rsquo;\u00e9lan \u00e9conomique; mer Santiago de Cuba, la deuxi\u00e8me ville du pays \u00e0 c\u00f4t\u00e9 de La Havane, en proie \u00e0 des couleurs et influence afro-cubaine; et Trinit\u00e9 coloniale, une ville endormie d\u00e9sign\u00e9e site du patrimoine mondial de l\u2019UNESCO, nich\u00e9e entre les montagnes majestueuses et la mer.<\/p>\n<p>Il est souvent dit que visiter Cuba est comme voyager dans le temps. En effet, les voitures classiques, les b\u00e2timents \u00e9rod\u00e9s, et l\u2019histoire unique cr\u00e9ent une exp\u00e9rience inoubliable dans ce pays enchanteur, et laisse des souvenirs bien impr\u00e9gn\u00e9s pour longtemps.<\/p>\n<p>La Havane, tr\u00e8s ancienne et moderne en m\u00eame temps, a un charme presque indescriptible et beaucoup sont d&rsquo;accord, pas seulement ses habitants que ceux qui ne la connaissent pas, n\u2019ont pas l\u2019id\u00e9e de ce qui est la vraie Cuba.<\/p>\n<p>Il y a beaucoup d&rsquo;endroits qui la distingue comme par exemple le Castel des Trois Rois de Morro, celui de la Force Royal, la cath\u00e9drale de La Havane, le Malec\u00f3n (bord de la mer), le Capitole et la statue du Christ de l\u2019Havane.<\/p>\n<\/div><\/section><br \/>\n<div style='height:20px' class='hr hr-invisible   avia-builder-el-4  el_after_av_textblock  el_before_av_heading '><span class='hr-inner ' ><span class='hr-inner-style'><\/span><\/span><\/div><br \/>\n<div style='padding-bottom:10px; ' class='av-special-heading av-special-heading-h4  blockquote modern-quote modern-centered  avia-builder-el-5  el_after_av_hr  el_before_av_hr   '><h4 class='av-special-heading-tag '  itemprop=\"headline\"  >NE MANQUEZ PAS LES TOURS ET ACTIVIT\u00c9S QUE YOUR CONCIERGE CONCEVRA BIENT\u00d4T JUSTE POUR VOUS AFIN DE PROFITER CUBA \u00c0 SON MAXIMUM!<\/h4><div class='special-heading-border'><div class='special-heading-inner-border' ><\/div><\/div><\/div><br \/>\n<div style='height:20px' class='hr hr-invisible   avia-builder-el-6  el_after_av_heading  avia-builder-el-last '><span class='hr-inner ' ><span class='hr-inner-style'><\/span><\/span><\/div><\/p><\/div>\n","protected":false},"excerpt":{"rendered":"","protected":false},"author":1,"featured_media":0,"parent":595,"menu_order":0,"comment_status":"closed","ping_status":"closed","template":"","meta":{"footnotes":""},"yoast_head":"<!-- This site is optimized with the Yoast SEO plugin v15.7 - https:\/\/yoast.com\/wordpress\/plugins\/seo\/ -->\n<title>Cuba<\/title>\n<meta name=\"description\" content=\"Nous sommes en train d\u2019\u00e9laborer les meilleurs forfaits de Cuba avec les services de Your Concierge!\" \/>\n<meta name=\"robots\" content=\"index, follow, max-snippet:-1, max-image-preview:large, max-video-preview:-1\" \/>\n<link rel=\"canonical\" href=\"http:\/\/www.yourconcierge.net\/fr\/pays\/cuba\/\" \/>\n<meta property=\"og:locale\" content=\"fr_FR\" \/>\n<meta property=\"og:type\" content=\"article\" \/>\n<meta property=\"og:title\" content=\"Cuba\" \/>\n<meta property=\"og:description\" content=\"Nous sommes en train d\u2019\u00e9laborer les meilleurs forfaits de Cuba avec les services de Your Concierge!\" \/>\n<meta property=\"og:url\" content=\"http:\/\/www.yourconcierge.net\/fr\/pays\/cuba\/\" \/>\n<meta property=\"og:site_name\" content=\"Your Concierge\" \/>\n<meta property=\"article:publisher\" content=\"http:\/\/facebook.com\/yourconciergeapp\" \/>\n<meta property=\"article:modified_time\" content=\"2016-08-31T04:15:16+00:00\" \/>\n<meta name=\"twitter:card\" content=\"summary\" \/>\n<meta name=\"twitter:site\" content=\"@yourconciergeap\" \/>\n<meta name=\"twitter:label1\" content=\"Dur\u00e9e de lecture est.\">\n\t<meta name=\"twitter:data1\" content=\"4 minutes\">\n<script type=\"application\/ld+json\" class=\"yoast-schema-graph\">{\"@context\":\"https:\/\/schema.org\",\"@graph\":[{\"@type\":\"WebSite\",\"@id\":\"http:\/\/www.yourconcierge.net\/#website\",\"url\":\"http:\/\/www.yourconcierge.net\/\",\"name\":\"Your Concierge\",\"description\":\"L;App de Conciergerie Personnalis\\u00e9\",\"potentialAction\":[{\"@type\":\"SearchAction\",\"target\":\"http:\/\/www.yourconcierge.net\/?s={search_term_string}\",\"query-input\":\"required name=search_term_string\"}],\"inLanguage\":\"fr-FR\"},{\"@type\":\"WebPage\",\"@id\":\"http:\/\/www.yourconcierge.net\/fr\/pays\/cuba\/#webpage\",\"url\":\"http:\/\/www.yourconcierge.net\/fr\/pays\/cuba\/\",\"name\":\"Cuba\",\"isPartOf\":{\"@id\":\"http:\/\/www.yourconcierge.net\/#website\"},\"datePublished\":\"2016-06-09T17:17:41+00:00\",\"dateModified\":\"2016-08-31T04:15:16+00:00\",\"description\":\"Nous sommes en train d\\u2019\\u00e9laborer les meilleurs forfaits de Cuba avec les services de Your Concierge!\",\"inLanguage\":\"fr-FR\",\"potentialAction\":[{\"@type\":\"ReadAction\",\"target\":[\"http:\/\/www.yourconcierge.net\/fr\/pays\/cuba\/\"]}]}]}<\/script>\n<!-- \/ Yoast SEO plugin. -->","_links":{"self":[{"href":"http:\/\/www.yourconcierge.net\/fr\/wp-json\/wp\/v2\/pages\/604\/"}],"collection":[{"href":"http:\/\/www.yourconcierge.net\/fr\/wp-json\/wp\/v2\/pages\/"}],"about":[{"href":"http:\/\/www.yourconcierge.net\/fr\/wp-json\/wp\/v2\/types\/page\/"}],"author":[{"embeddable":true,"href":"http:\/\/www.yourconcierge.net\/fr\/wp-json\/wp\/v2\/users\/1\/"}],"replies":[{"embeddable":true,"href":"http:\/\/www.yourconcierge.net\/fr\/wp-json\/wp\/v2\/comments\/?post=604"}],"version-history":[{"count":0,"href":"http:\/\/www.yourconcierge.net\/fr\/wp-json\/wp\/v2\/pages\/604\/revisions\/"}],"up":[{"embeddable":true,"href":"http:\/\/www.yourconcierge.net\/fr\/wp-json\/wp\/v2\/pages\/595\/"}],"wp:attachment":[{"href":"http:\/\/www.yourconcierge.net\/fr\/wp-json\/wp\/v2\/media\/?parent=604"}],"curies":[{"name":"wp","href":"https:\/\/api.w.org\/{rel}","templated":true}]}}