{"id":595,"date":"2016-06-09T13:17:32","date_gmt":"2016-06-09T17:17:32","guid":{"rendered":"http:\/\/www.yourconcierge.net\/fr\/countries\/"},"modified":"2018-09-18T15:35:23","modified_gmt":"2018-09-18T19:35:23","slug":"pays","status":"publish","type":"page","link":"http:\/\/www.yourconcierge.net\/fr\/pays\/","title":{"rendered":"PAYS"},"content":{"rendered":"<div class=\"flex_column av_one_full  flex_column_div av-zero-column-padding first  avia-builder-el-0  el_before_av_one_half  avia-builder-el-first  \" style='border-radius:0px; '><p><div style='padding-bottom:10px; ' class='av-special-heading av-special-heading-h3    avia-builder-el-1  el_before_av_textblock  avia-builder-el-first   '><h3 class='av-special-heading-tag '  itemprop=\"headline\"  >EXPLOREZ LES DIFF\u00c9RENTES DESTINATIONS DE YOUR CONCIERGE<\/h3><div class='special-heading-border'><div class='special-heading-inner-border' ><\/div><\/div><\/div><br \/>\n<section class=\"av_textblock_section \"  itemscope=\"itemscope\" itemtype=\"https:\/\/schema.org\/CreativeWork\" ><div class='avia_textblock  '   itemprop=\"text\" ><p>Nous sommes constamment en train d\u2019\u00e9largir notre r\u00e9seau \u00e0 de nouveaux pays et villes. A chaque destination, il est important pour nous d&rsquo;\u00eatre en mesure de fournir des services de haute qualit\u00e9 \u00e0 nos clients en s\u00e9lectionnant le meilleur de ce que ce lieu peut offrir. Soigneusement s\u00e9lectionn\u00e9 et test\u00e9 par notre \u00e9quipe, puis taill\u00e9 sur mesure pour vous et adapt\u00e9 \u00e0 vos int\u00e9r\u00eats et pr\u00e9f\u00e9rences, nous vous apportons le meilleur contenu pour votre prochain voyage : du transport premium et d&rsquo;h\u00e9bergement, les meilleurs restaurants, bars et lieux de vie de nuit, aux diff\u00e9rentes activit\u00e9s, excursions et \u00e9v\u00e9nements s\u00e9lectionn\u00e9s \u00e0 ne pas manquer durant votre s\u00e9jour. Du moment o\u00f9 vous arrivez et durant tout votre s\u00e9jour, <strong>notre \u00e9quipe fond\u00e9e par des concierges experts<\/strong> prendra soin de tout afin de transformer vos vacances dans une exp\u00e9rience inoubliable.<\/p>\n<p>Si votre destination souhait\u00e9e ne figure pas ici, veuillez <a href=\"http:\/\/www.yourconcierge.net\/fr\/contact\/\">nous contacter<\/a> pour v\u00e9rifier si nous offrons d\u00e9j\u00e0 les services.<\/p>\n<\/div><\/section><\/p><\/div><div class=\"flex_column av_one_half  flex_column_div av-zero-column-padding first  avia-builder-el-3  el_after_av_one_full  el_before_av_one_half  column-top-margin\" style='border-radius:0px; '><p><div  data-size='featured_large'  data-lightbox_size='large'  data-animation='fade'  data-conditional_play=''  data-ids='283,284,434'  data-video_counter='0'  data-autoplay='true'  data-bg_slider='false'  data-slide_height=''  data-handle='av_slideshow'  data-interval='3'  data-class=' avia-builder-el-4  el_before_av_button_big  avia-builder-el-no-sibling  '  data-css_id=''  data-scroll_down=''  data-control_layout='av-control-default'  data-custom_markup=''  data-perma_caption=''  data-autoplay_stopper=''  data-image_attachment=''  data-min_height='0px'  data-default-height='42'  class='avia-slideshow avia-slideshow-1  av-control-default av-default-height-applied avia-slideshow-featured_large av_slideshow  avia-builder-el-4  el_before_av_button_big  avia-builder-el-no-sibling   avia-fade-slider '  itemprop=\"ImageObject\" itemscope=\"itemscope\" itemtype=\"https:\/\/schema.org\/ImageObject\" ><ul class='avia-slideshow-inner ' style='padding-bottom: 42%;' ><li  class=' slide-1 ' ><a href='http:\/\/www.yourconcierge.net\/fr\/pays\/republique-dominicaine\/' data-rel='slideshow-1' class='avia-slide-wrap '   ><img src='http:\/\/www.yourconcierge.net\/wp-content\/uploads\/YourConcierge-DominicanRepublic3.jpg' width='1500' height='630' title='Your Concierge - Pays - R\u00e9publique Dominicaine' alt='Your Concierge - Pays - R\u00e9publique Dominicaine'  itemprop=\"thumbnailUrl\"   \/><\/a><\/li><li  class=' slide-2 ' ><a href='http:\/\/www.yourconcierge.net\/fr\/pays\/republique-dominicaine\/' data-rel='slideshow-1' class='avia-slide-wrap '   ><img src='http:\/\/www.yourconcierge.net\/wp-content\/uploads\/YourConcierge-DominicanRepublic4.jpg' width='1500' height='630' title='Your Concierge - Pays - R\u00e9publique Dominicaine' alt='Your Concierge - Pays - R\u00e9publique Dominicaine'  itemprop=\"thumbnailUrl\"   \/><\/a><\/li><li  class=' slide-3 ' ><a href='http:\/\/www.yourconcierge.net\/fr\/pays\/republique-dominicaine\/' data-rel='slideshow-1' class='avia-slide-wrap '   ><img src='http:\/\/www.yourconcierge.net\/wp-content\/uploads\/YourConcierge-DominicanRepublic1.jpg' width='1500' height='630' title='Your Concierge - Pays - R\u00e9publique Dominicaine' alt='Your Concierge - Pays - R\u00e9publique Dominicaine'  itemprop=\"thumbnailUrl\"   \/><\/a><\/li><\/ul><div class='avia-slideshow-arrows avia-slideshow-controls'><a href='#prev' class='prev-slide' aria-hidden='true' data-av_icon='\ue87c' data-av_iconfont='entypo-fontello'>Pr\u00e9c\u00e9dent<\/a><a href='#next' class='next-slide' aria-hidden='true' data-av_icon='\ue87d' data-av_iconfont='entypo-fontello'>Suivant<\/a><\/div><div class='avia-slideshow-dots avia-slideshow-controls'><a href='#1' class='goto-slide active' >1<\/a><a href='#2' class='goto-slide ' >2<\/a><a href='#3' class='goto-slide ' >3<\/a><\/div><\/div><br \/>\n<div class='avia-button-wrap avia-button-center  avia-builder-el-5  el_after_av_slideshow  avia-builder-el-last '><a href='http:\/\/www.yourconcierge.net\/fr\/pays\/republique-dominicaine\/' class='avia-button avia-button-fullwidth   avia-icon_select-no avia-color-custom '  style='color:#000000; background-color:#ffffff;  ' ><span class='avia_iconbox_title' >R\u00c9PUBLIQUE DOMINICAINE<\/span><span class='avia_button_background avia-button avia-button-fullwidth avia-color-custom' style='background-color:#e0b13a; '><\/span><\/a><\/div><\/p><\/div><\/p>\n<div class=\"flex_column av_one_half  flex_column_div av-zero-column-padding   avia-builder-el-6  el_after_av_one_half  avia-builder-el-last  column-top-margin\" style='border-radius:0px; '><p><div  data-size='featured_large'  data-lightbox_size='large'  data-animation='fade'  data-conditional_play=''  data-ids='270,277,278'  data-video_counter='0'  data-autoplay='true'  data-bg_slider='false'  data-slide_height=''  data-handle='av_slideshow'  data-interval='3'  data-class=' avia-builder-el-7  el_before_av_button_big  avia-builder-el-no-sibling  '  data-css_id=''  data-scroll_down=''  data-control_layout='av-control-default'  data-custom_markup=''  data-perma_caption=''  data-autoplay_stopper=''  data-image_attachment=''  data-min_height='0px'  data-default-height='42'  class='avia-slideshow avia-slideshow-2  av-control-default av-default-height-applied avia-slideshow-featured_large av_slideshow  avia-builder-el-7  el_before_av_button_big  avia-builder-el-no-sibling   avia-fade-slider '  itemprop=\"ImageObject\" itemscope=\"itemscope\" itemtype=\"https:\/\/schema.org\/ImageObject\" ><ul class='avia-slideshow-inner ' style='padding-bottom: 42%;' ><li  class=' slide-1 ' ><a href='http:\/\/www.yourconcierge.net\/fr\/pays\/cuba\/' data-rel='slideshow-2' class='avia-slide-wrap '   ><img src='http:\/\/www.yourconcierge.net\/wp-content\/uploads\/YourConcierge-Cuba1.jpg' width='1500' height='630' title='Your Concierge - Countries - Cuba' alt='Your Concierge - Pays - Cuba'  itemprop=\"thumbnailUrl\"   \/><\/a><\/li><li  class=' slide-2 ' ><a href='http:\/\/www.yourconcierge.net\/fr\/pays\/cuba\/' data-rel='slideshow-2' class='avia-slide-wrap '   ><img src='http:\/\/www.yourconcierge.net\/wp-content\/uploads\/YourConcierge-Cuba2.jpg' width='1500' height='630' title='Your Concierge - Pays - Cuba' alt='Your Concierge - Pays - Cuba'  itemprop=\"thumbnailUrl\"   \/><\/a><\/li><li  class=' slide-3 ' ><a href='http:\/\/www.yourconcierge.net\/fr\/pays\/cuba\/' data-rel='slideshow-2' class='avia-slide-wrap '   ><img src='http:\/\/www.yourconcierge.net\/wp-content\/uploads\/YourConcierge-Cuba3.jpg' width='1500' height='630' title='Your Concierge - Pays - Cuba' alt='Your Concierge - Pays - Cuba'  itemprop=\"thumbnailUrl\"   \/><\/a><\/li><\/ul><div class='avia-slideshow-arrows avia-slideshow-controls'><a href='#prev' class='prev-slide' aria-hidden='true' data-av_icon='\ue87c' data-av_iconfont='entypo-fontello'>Pr\u00e9c\u00e9dent<\/a><a href='#next' class='next-slide' aria-hidden='true' data-av_icon='\ue87d' data-av_iconfont='entypo-fontello'>Suivant<\/a><\/div><div class='avia-slideshow-dots avia-slideshow-controls'><a href='#1' class='goto-slide active' >1<\/a><a href='#2' class='goto-slide ' >2<\/a><a href='#3' class='goto-slide ' >3<\/a><\/div><\/div><br \/>\n<div class='avia-button-wrap avia-button-center  avia-builder-el-8  el_after_av_slideshow  avia-builder-el-last '><a href='http:\/\/www.yourconcierge.net\/fr\/pays\/cuba\/' class='avia-button avia-button-fullwidth   avia-icon_select-no avia-color-custom '  style='color:#000000; background-color:#ffffff;  ' ><span class='avia_iconbox_title' >CUBA<\/span><span class='avia_button_background avia-button avia-button-fullwidth avia-color-custom' style='background-color:#e0b13a; '><\/span><\/a><\/div><\/p><\/div>\n","protected":false},"excerpt":{"rendered":"","protected":false},"author":1,"featured_media":0,"parent":0,"menu_order":0,"comment_status":"closed","ping_status":"closed","template":"","meta":{"footnotes":""},"yoast_head":"<!-- This site is optimized with the Yoast SEO plugin v15.7 - https:\/\/yoast.com\/wordpress\/plugins\/seo\/ -->\n<title>Pays<\/title>\n<meta name=\"description\" content=\"Explorez les diff\u00e9rentes destinations de Votre Concierge. Nous sommes constamment en train d\u2019\u00e9largir notre r\u00e9seau \u00e0 de nouveaux pays et villes.\" \/>\n<meta name=\"robots\" content=\"index, follow, max-snippet:-1, max-image-preview:large, max-video-preview:-1\" \/>\n<link rel=\"canonical\" href=\"https:\/\/www.yourconcierge.net\/fr\/pays\/\" \/>\n<meta property=\"og:locale\" content=\"fr_FR\" \/>\n<meta property=\"og:type\" content=\"article\" \/>\n<meta property=\"og:title\" content=\"Pays\" \/>\n<meta property=\"og:description\" content=\"Explorez les diff\u00e9rentes destinations de Votre Concierge. Nous sommes constamment en train d\u2019\u00e9largir notre r\u00e9seau \u00e0 de nouveaux pays et villes.\" \/>\n<meta property=\"og:url\" content=\"https:\/\/www.yourconcierge.net\/fr\/pays\/\" \/>\n<meta property=\"og:site_name\" content=\"Your Concierge\" \/>\n<meta property=\"article:publisher\" content=\"http:\/\/facebook.com\/yourconciergeapp\" \/>\n<meta property=\"article:modified_time\" content=\"2018-09-18T19:35:23+00:00\" \/>\n<meta name=\"twitter:card\" content=\"summary\" \/>\n<meta name=\"twitter:site\" content=\"@yourconciergeap\" \/>\n<meta name=\"twitter:label1\" content=\"Dur\u00e9e de lecture est.\">\n\t<meta name=\"twitter:data1\" content=\"4 minutes\">\n<script type=\"application\/ld+json\" class=\"yoast-schema-graph\">{\"@context\":\"https:\/\/schema.org\",\"@graph\":[{\"@type\":\"WebSite\",\"@id\":\"http:\/\/www.yourconcierge.net\/#website\",\"url\":\"http:\/\/www.yourconcierge.net\/\",\"name\":\"Your Concierge\",\"description\":\"L;App de Conciergerie Personnalis\\u00e9\",\"potentialAction\":[{\"@type\":\"SearchAction\",\"target\":\"http:\/\/www.yourconcierge.net\/?s={search_term_string}\",\"query-input\":\"required name=search_term_string\"}],\"inLanguage\":\"fr-FR\"},{\"@type\":\"WebPage\",\"@id\":\"https:\/\/www.yourconcierge.net\/fr\/pays\/#webpage\",\"url\":\"https:\/\/www.yourconcierge.net\/fr\/pays\/\",\"name\":\"Pays\",\"isPartOf\":{\"@id\":\"http:\/\/www.yourconcierge.net\/#website\"},\"datePublished\":\"2016-06-09T17:17:32+00:00\",\"dateModified\":\"2018-09-18T19:35:23+00:00\",\"description\":\"Explorez les diff\\u00e9rentes destinations de Votre Concierge. Nous sommes constamment en train d\\u2019\\u00e9largir notre r\\u00e9seau \\u00e0 de nouveaux pays et villes.\",\"inLanguage\":\"fr-FR\",\"potentialAction\":[{\"@type\":\"ReadAction\",\"target\":[\"https:\/\/www.yourconcierge.net\/fr\/pays\/\"]}]}]}<\/script>\n<!-- \/ Yoast SEO plugin. -->","_links":{"self":[{"href":"http:\/\/www.yourconcierge.net\/fr\/wp-json\/wp\/v2\/pages\/595\/"}],"collection":[{"href":"http:\/\/www.yourconcierge.net\/fr\/wp-json\/wp\/v2\/pages\/"}],"about":[{"href":"http:\/\/www.yourconcierge.net\/fr\/wp-json\/wp\/v2\/types\/page\/"}],"author":[{"embeddable":true,"href":"http:\/\/www.yourconcierge.net\/fr\/wp-json\/wp\/v2\/users\/1\/"}],"replies":[{"embeddable":true,"href":"http:\/\/www.yourconcierge.net\/fr\/wp-json\/wp\/v2\/comments\/?post=595"}],"version-history":[{"count":0,"href":"http:\/\/www.yourconcierge.net\/fr\/wp-json\/wp\/v2\/pages\/595\/revisions\/"}],"wp:attachment":[{"href":"http:\/\/www.yourconcierge.net\/fr\/wp-json\/wp\/v2\/media\/?parent=595"}],"curies":[{"name":"wp","href":"https:\/\/api.w.org\/{rel}","templated":true}]}}