{"id":587,"date":"2016-06-09T13:14:31","date_gmt":"2016-06-09T17:14:31","guid":{"rendered":"http:\/\/www.yourconcierge.net\/fr\/app\/"},"modified":"2018-09-18T17:10:35","modified_gmt":"2018-09-18T21:10:35","slug":"app","status":"publish","type":"page","link":"http:\/\/www.yourconcierge.net\/fr\/app\/","title":{"rendered":"APP"},"content":{"rendered":"<div id='full_slider_1' class='avia-fullwidth-slider main_color avia-shadow   avia-builder-el-0  el_before_av_one_full  avia-builder-el-first  container_wrap fullsize' style=' '  ><div  data-size='no scaling'  data-lightbox_size='large'  data-animation='slide'  data-conditional_play=''  data-ids='248'  data-video_counter='0'  data-autoplay='false'  data-bg_slider='false'  data-slide_height=''  data-handle='av_slideshow_full'  data-interval='5'  data-class=' image_no_stretch'  data-css_id=''  data-scroll_down=''  data-control_layout='av-control-default'  data-custom_markup=''  data-perma_caption=''  data-autoplay_stopper=''  data-image_attachment=''  data-min_height='0px'  data-src=''  data-position='top left'  data-repeat='no-repeat'  data-attach='scroll'  data-stretch='image_no_stretch'  class='avia-slideshow avia-slideshow-1  av-control-default av-default-height-applied avia-slideshow-no scaling av_slideshow_full  image_no_stretch avia-slide-slider '  itemprop=\"ImageObject\" itemscope=\"itemscope\" itemtype=\"https:\/\/schema.org\/ImageObject\" ><ul class='avia-slideshow-inner ' style='padding-bottom: 37.5%;' ><li  class=' av-single-slide slide-1 ' ><div data-rel='slideshow-1' class='avia-slide-wrap '  title='Your Concierge - App' ><img src='http:\/\/www.yourconcierge.net\/wp-content\/uploads\/YourConcierge-App1.jpg' width='1600' height='600' title='Your Concierge - App' alt='Your Concierge - App'  itemprop=\"thumbnailUrl\"   \/><\/div><\/li><\/ul><\/div><\/div><div id='after_full_slider_1' class='main_color av_default_container_wrap container_wrap fullsize' style=' '  ><div class='container' ><div class='template-page content  av-content-full alpha units'><div class='post-entry post-entry-type-page post-entry-587'><div class='entry-content-wrapper clearfix'>\n<div class=\"flex_column av_one_full  flex_column_div av-zero-column-padding first  avia-builder-el-1  el_after_av_slideshow_full  el_before_av_one_half  avia-builder-el-first  \" style='border-radius:0px; '><p><div style='padding-bottom:10px; ' class='av-special-heading av-special-heading-h2    avia-builder-el-2  el_before_av_textblock  avia-builder-el-first  '><h2 class='av-special-heading-tag '  itemprop=\"headline\"  >Tellement de choses en un seul clic<\/h2><div class='special-heading-border'><div class='special-heading-inner-border' ><\/div><\/div><\/div><br \/>\n<section class=\"av_textblock_section \"  itemscope=\"itemscope\" itemtype=\"https:\/\/schema.org\/CreativeWork\" ><div class='avia_textblock  '   itemprop=\"text\" ><p>Le concept de <strong>l\u2019App Your Concierge<\/strong> est n\u00e9 d&rsquo;une id\u00e9e simple : soit vous nous contactez d\u00e8s que vous choisissiez votre pays de destination et nous en prendrons soin de vous envoyer toutes les informations et les options n\u00e9cessaires, ou bien vous pouvez nous contacter d\u00e8s que vous soyez bien arriv\u00e9s et notre \u00e9quipe d\u2019experts conseillers prendra soin de vous montrer les diff\u00e9rentes activit\u00e9s selon vos besoins pour ainsi, r\u00e9aliser vos r\u00e9servations.<\/p>\n<p><strong>Notre \u00e9quipe de concierge sera l\u00e0 pour vous 24\/7 en vous aidant \u00e0 g\u00e9rer tous vos besoins m\u00eame ceux qui ne figures pas dans la liste de nos services.<\/strong><\/p>\n<\/div><\/section><\/p><\/div>\n<div class=\"flex_column av_one_half  flex_column_div av-zero-column-padding first  avia-builder-el-4  el_after_av_one_full  el_before_av_one_half  column-top-margin\" style='border-radius:0px; '><p><div style='padding-bottom:10px; ' class='av-special-heading av-special-heading-h3    avia-builder-el-5  el_before_av_textblock  avia-builder-el-first   '><h3 class='av-special-heading-tag '  itemprop=\"headline\"  >T\u00e9l\u00e9chargez notre App<\/h3><div class='special-heading-border'><div class='special-heading-inner-border' ><\/div><\/div><\/div><br \/>\n<section class=\"av_textblock_section \"  itemscope=\"itemscope\" itemtype=\"https:\/\/schema.org\/CreativeWork\" ><div class='avia_textblock  '   itemprop=\"text\" ><p>Une fois que vous t\u00e9l\u00e9chargez l&rsquo;app et vous vous inscrivez, vous pouvez choisir votre destination pour ainsi \u00a0voir ce qui est disponible. Une carte de destination vous fournira un aper\u00e7u des lieux d\u2019int\u00e9r\u00eat, ainsi que ce qui est populaire et encore m\u00eame ce qui est plus recommander par nos clients.<\/p>\n<\/div><\/section><br \/>\n<div style='padding-bottom:10px; ' class='av-special-heading av-special-heading-h3    avia-builder-el-7  el_after_av_textblock  el_before_av_textblock   '><h3 class='av-special-heading-tag '  itemprop=\"headline\"  >Choisissez un service<\/h3><div class='special-heading-border'><div class='special-heading-inner-border' ><\/div><\/div><\/div><br \/>\n<section class=\"av_textblock_section \"  itemscope=\"itemscope\" itemtype=\"https:\/\/schema.org\/CreativeWork\" ><div class='avia_textblock  '   itemprop=\"text\" ><p>Vous pouvez choisir les services de l&rsquo;une de ces cat\u00e9gories : Gastronomie,\u00a0Planification d\u2019\u00e9v\u00e9nements, Vie nocturne, Excursions, Golf, \u00c9v\u00e9nements sp\u00e9ciaux, Transport luxueux, Transferts &amp; Location de voitures,\u00a0Sant\u00e9. Plus de cat\u00e9gories sont pr\u00e9vues pour le futur proche.<\/p>\n<p>Dans chaque cat\u00e9gorie, les diff\u00e9rentes options disponibles sont affich\u00e9es. Vous pouvez imm\u00e9diatement les acheter ou les marquer comme favoris. Pour certains, vous pouvez r\u00e9server \u00e0 l\u2019avance.<\/p>\n<\/div><\/section><br \/>\n<div style='padding-bottom:10px; ' class='av-special-heading av-special-heading-h3    avia-builder-el-9  el_after_av_textblock  el_before_av_textblock   '><h3 class='av-special-heading-tag '  itemprop=\"headline\"  >P\u00e9titions sp\u00e9ciales<\/h3><div class='special-heading-border'><div class='special-heading-inner-border' ><\/div><\/div><\/div><br \/>\n<section class=\"av_textblock_section \"  itemscope=\"itemscope\" itemtype=\"https:\/\/schema.org\/CreativeWork\" ><div class='avia_textblock  '   itemprop=\"text\" ><p>Si vous avez des p\u00e9titions ou des besoins sp\u00e9ciaux qui ne sont pas offerts dans l&rsquo;app directement, nous vous assurons de faire tout le possible pour vous faciliter cette demande. Si vous planifiez les d\u00e9tails de votre voyage en avance en nous informant ce que vous souhaitiez, nous mettrons en place un paquet de service id\u00e9al pour vous.<\/p>\n<\/div><\/section><br \/>\n<div style='padding-bottom:10px; ' class='av-special-heading av-special-heading-h3    avia-builder-el-11  el_after_av_textblock  el_before_av_textblock   '><h3 class='av-special-heading-tag '  itemprop=\"headline\"  >Chat Direct 24\/7\/365 et Notifications<\/h3><div class='special-heading-border'><div class='special-heading-inner-border' ><\/div><\/div><\/div><br \/>\n<section class=\"av_textblock_section \"  itemscope=\"itemscope\" itemtype=\"https:\/\/schema.org\/CreativeWork\" ><div class='avia_textblock  '   itemprop=\"text\" ><p>L&rsquo;app a un Chat Direct, o\u00f9 vous avez le soutien 24\/7\/365 de nos agents pour toutes questions ou demandes que vous pouvez en avoir.<\/p>\n<p>Vous recevrez des notifications pour vous rappeler des \u00e9v\u00e9nements \u00e0 venir. En outre, si de nouvelles offres d\u2019\u00e9v\u00e9nements ou de services sp\u00e9ciaux sont ajout\u00e9s \u00e0 notre s\u00e9lection au cours de votre voyage, vous serez averti afin de ne pas les manquer.<\/p>\n<\/div><\/section><br \/>\n<div style='padding-bottom:10px; ' class='av-special-heading av-special-heading-h3    avia-builder-el-13  el_after_av_textblock  el_before_av_textblock   '><h3 class='av-special-heading-tag '  itemprop=\"headline\"  >Processus d\u2019achat<\/h3><div class='special-heading-border'><div class='special-heading-inner-border' ><\/div><\/div><\/div><br \/>\n<section class=\"av_textblock_section \"  itemscope=\"itemscope\" itemtype=\"https:\/\/schema.org\/CreativeWork\" ><div class='avia_textblock  '   itemprop=\"text\" ><p>Une fois que vous s\u00e9lectionnez un produit ou un service, il sera ajout\u00e9 \u00e0 votre panier d\u2019achat o\u00f9 vous pourriez proc\u00e9der \u00e0 effectuer le paiement en toute s\u00e9curit\u00e9.<\/p>\n<\/div><\/section><br \/>\n<div style='padding-bottom:10px; ' class='av-special-heading av-special-heading-h3    avia-builder-el-15  el_after_av_textblock  el_before_av_textblock   '><h3 class='av-special-heading-tag '  itemprop=\"headline\"  >Langues disponibles<\/h3><div class='special-heading-border'><div class='special-heading-inner-border' ><\/div><\/div><\/div><br \/>\n<section class=\"av_textblock_section \"  itemscope=\"itemscope\" itemtype=\"https:\/\/schema.org\/CreativeWork\" ><div class='avia_textblock  '   itemprop=\"text\" ><p>L\u2019App et l\u2019assistance sont disponibles dans les langues suivantes: Espagnol, Anglais et Fran\u00e7ais. Plus d&rsquo;options suivront.<\/p>\n<\/div><\/section><br \/>\n<div style='height:30px' class='hr hr-invisible   avia-builder-el-17  el_after_av_textblock  el_before_av_textblock '><span class='hr-inner ' ><span class='hr-inner-style'><\/span><\/span><\/div><br \/>\n<section class=\"av_textblock_section \"  itemscope=\"itemscope\" itemtype=\"https:\/\/schema.org\/CreativeWork\" ><div class='avia_textblock  '   itemprop=\"text\" ><p><a href=\"http:\/\/www.yourconcierge.net\/fr\/contact\/\">Contactez-nous<\/a> pour plus d\u2019informations.<\/p>\n<\/div><\/section><\/p><\/div><div class=\"flex_column av_one_half  flex_column_div av-zero-column-padding   avia-builder-el-19  el_after_av_one_half  el_before_av_section  avia-builder-el-last  column-top-margin\" style='border-radius:0px; '><p><div style='height:20px' class='hr hr-invisible   avia-builder-el-20  el_before_av_image  avia-builder-el-first '><span class='hr-inner ' ><span class='hr-inner-style'><\/span><\/span><\/div><br \/>\n<div class='avia-image-container  av-styling-    avia-builder-el-21  el_after_av_hr  avia-builder-el-last  avia-align-center '  itemprop=\"ImageObject\" itemscope=\"itemscope\" itemtype=\"https:\/\/schema.org\/ImageObject\"  ><div class='avia-image-container-inner'><div class='avia-image-overlay-wrap'><img class='avia_image' src='http:\/\/www.yourconcierge.net\/wp-content\/uploads\/YourConcierge-App2.jpg' alt='Your Concierge - Notre App' title='Your Concierge - Notre App' height=\"700\" width=\"700\"  itemprop=\"thumbnailUrl\"  \/><\/div><\/div><\/div><\/p><\/div><\/p>\n<\/div><\/div><\/div><!-- close content main div --><\/div><\/div><div id='av_section_1' class='avia-section main_color avia-section-no-padding avia-no-border-styling avia-bg-style-scroll  avia-builder-el-22  el_after_av_one_half  avia-builder-el-last   container_wrap fullsize' style='background-color: #0a0a0a;  '  ><div class='container' ><div class='template-page content  av-content-full alpha units'><div class='post-entry post-entry-type-page post-entry-587'><div class='entry-content-wrapper clearfix'>\n<div class=\"flex_column av_two_fifth  flex_column_div av-zero-column-padding first  avia-builder-el-23  el_before_av_three_fifth  avia-builder-el-first  \" style='border-radius:0px; '><p><div style='height:120px' class='hr hr-invisible   avia-builder-el-24  el_before_av_textblock  avia-builder-el-first '><span class='hr-inner ' ><span class='hr-inner-style'><\/span><\/span><\/div><br \/>\n<section class=\"av_textblock_section \"  itemscope=\"itemscope\" itemtype=\"https:\/\/schema.org\/CreativeWork\" ><div class='avia_textblock  '   itemprop=\"text\" ><p style=\"color: #ffffff; text-align: center;\">DISPONIBLE SUR LES PLATE-FORMES IOS ET ANDROID.<br \/>\nT\u00c9L\u00c9CHARGER GRATUITEMENT.<\/p>\n<\/div><\/section><br \/>\n<div style='height:20px' class='hr hr-invisible   avia-builder-el-26  el_after_av_textblock  el_before_av_image '><span class='hr-inner ' ><span class='hr-inner-style'><\/span><\/span><\/div><br \/>\n<div class='avia-image-container  av-styling-    avia-builder-el-27  el_after_av_hr  el_before_av_hr  avia-align-center '  itemprop=\"ImageObject\" itemscope=\"itemscope\" itemtype=\"https:\/\/schema.org\/ImageObject\"  ><div class='avia-image-container-inner'><div class='avia-image-overlay-wrap'><a href='https:\/\/itunes.apple.com\/us\/app\/your-concierge\/id1306464623?ls=1&amp;mt=8' class='avia_image'   target=\"_blank\" ><img class='avia_image ' src='http:\/\/www.yourconcierge.net\/wp-content\/uploads\/YourConcierge-AppStore-fr.png' alt='Your Concierge - AppStore - fr' title='Your Concierge - AppStore - fr'  itemprop=\"thumbnailUrl\"  \/><\/a><\/div><\/div><\/div><br \/>\n<div style='height:20px' class='hr hr-invisible   avia-builder-el-28  el_after_av_image  el_before_av_image '><span class='hr-inner ' ><span class='hr-inner-style'><\/span><\/span><\/div><br \/>\n<div class='avia-image-container  av-styling-    avia-builder-el-29  el_after_av_hr  el_before_av_hr  avia-align-center '  itemprop=\"ImageObject\" itemscope=\"itemscope\" itemtype=\"https:\/\/schema.org\/ImageObject\"  ><div class='avia-image-container-inner'><div class='avia-image-overlay-wrap'><a href='http:\/\/play.google.com\/store\/apps\/details?id=concierge.diort.com.yourconcierge&amp;hl=en' class='avia_image'   target=\"_blank\" ><img class='avia_image ' src='http:\/\/www.yourconcierge.net\/wp-content\/uploads\/YourConcierge-GooglePlay-fr.png' alt='Your Concierge - Google Play - fr' title='Your Concierge - Google Play - fr'  itemprop=\"thumbnailUrl\"  \/><\/a><\/div><\/div><\/div><br \/>\n<div style='height:40px' class='hr hr-invisible   avia-builder-el-30  el_after_av_image  avia-builder-el-last '><span class='hr-inner ' ><span class='hr-inner-style'><\/span><\/span><\/div><\/p><\/div><div class=\"flex_column av_three_fifth  flex_column_div av-zero-column-padding   avia-builder-el-31  el_after_av_two_fifth  avia-builder-el-last  \" style='border-radius:0px; '><div class='avia-image-container  av-styling-    avia-builder-el-32  avia-builder-el-no-sibling  avia-align-center '  itemprop=\"ImageObject\" itemscope=\"itemscope\" itemtype=\"https:\/\/schema.org\/ImageObject\"  ><div class='avia-image-container-inner'><div class='avia-image-overlay-wrap'><img class='avia_image' src='http:\/\/www.yourconcierge.net\/wp-content\/uploads\/YourConcierge-App3.png' alt='Your Concierge - Notre App' title='Your Concierge - Notre App' height=\"500\" width=\"700\"  itemprop=\"thumbnailUrl\"  \/><\/div><\/div><\/div><\/div>\n\n","protected":false},"excerpt":{"rendered":"","protected":false},"author":1,"featured_media":0,"parent":0,"menu_order":0,"comment_status":"closed","ping_status":"closed","template":"","meta":{"footnotes":""},"yoast_head":"<!-- This site is optimized with the Yoast SEO plugin v15.7 - https:\/\/yoast.com\/wordpress\/plugins\/seo\/ -->\n<title>App<\/title>\n<meta name=\"description\" content=\"L\u2019App Your Concierge est une application mobile de conciergerie personnel qui offre un large \u00e9ventail de services sur les destinations s\u00e9lectionn\u00e9es.\" \/>\n<meta name=\"robots\" content=\"index, follow, max-snippet:-1, max-image-preview:large, max-video-preview:-1\" \/>\n<link rel=\"canonical\" href=\"https:\/\/www.yourconcierge.net\/fr\/app\/\" \/>\n<meta property=\"og:locale\" content=\"fr_FR\" \/>\n<meta property=\"og:type\" content=\"article\" \/>\n<meta property=\"og:title\" content=\"App\" \/>\n<meta property=\"og:description\" content=\"L\u2019App Your Concierge est une application mobile de conciergerie personnel qui offre un large \u00e9ventail de services sur les destinations s\u00e9lectionn\u00e9es.\" \/>\n<meta property=\"og:url\" content=\"https:\/\/www.yourconcierge.net\/fr\/app\/\" \/>\n<meta property=\"og:site_name\" content=\"Your Concierge\" \/>\n<meta property=\"article:publisher\" content=\"http:\/\/facebook.com\/yourconciergeapp\" \/>\n<meta property=\"article:modified_time\" content=\"2018-09-18T21:10:35+00:00\" \/>\n<meta name=\"twitter:card\" content=\"summary\" \/>\n<meta name=\"twitter:site\" content=\"@yourconciergeap\" \/>\n<meta name=\"twitter:label1\" content=\"Dur\u00e9e de lecture est.\">\n\t<meta name=\"twitter:data1\" content=\"9 minutes\">\n<script type=\"application\/ld+json\" class=\"yoast-schema-graph\">{\"@context\":\"https:\/\/schema.org\",\"@graph\":[{\"@type\":\"WebSite\",\"@id\":\"http:\/\/www.yourconcierge.net\/#website\",\"url\":\"http:\/\/www.yourconcierge.net\/\",\"name\":\"Your Concierge\",\"description\":\"L;App de Conciergerie Personnalis\\u00e9\",\"potentialAction\":[{\"@type\":\"SearchAction\",\"target\":\"http:\/\/www.yourconcierge.net\/?s={search_term_string}\",\"query-input\":\"required name=search_term_string\"}],\"inLanguage\":\"fr-FR\"},{\"@type\":\"WebPage\",\"@id\":\"https:\/\/www.yourconcierge.net\/fr\/app\/#webpage\",\"url\":\"https:\/\/www.yourconcierge.net\/fr\/app\/\",\"name\":\"App\",\"isPartOf\":{\"@id\":\"http:\/\/www.yourconcierge.net\/#website\"},\"datePublished\":\"2016-06-09T17:14:31+00:00\",\"dateModified\":\"2018-09-18T21:10:35+00:00\",\"description\":\"L\\u2019App Your Concierge est une application mobile de conciergerie personnel qui offre un large \\u00e9ventail de services sur les destinations s\\u00e9lectionn\\u00e9es.\",\"inLanguage\":\"fr-FR\",\"potentialAction\":[{\"@type\":\"ReadAction\",\"target\":[\"https:\/\/www.yourconcierge.net\/fr\/app\/\"]}]}]}<\/script>\n<!-- \/ Yoast SEO plugin. -->","_links":{"self":[{"href":"http:\/\/www.yourconcierge.net\/fr\/wp-json\/wp\/v2\/pages\/587\/"}],"collection":[{"href":"http:\/\/www.yourconcierge.net\/fr\/wp-json\/wp\/v2\/pages\/"}],"about":[{"href":"http:\/\/www.yourconcierge.net\/fr\/wp-json\/wp\/v2\/types\/page\/"}],"author":[{"embeddable":true,"href":"http:\/\/www.yourconcierge.net\/fr\/wp-json\/wp\/v2\/users\/1\/"}],"replies":[{"embeddable":true,"href":"http:\/\/www.yourconcierge.net\/fr\/wp-json\/wp\/v2\/comments\/?post=587"}],"version-history":[{"count":0,"href":"http:\/\/www.yourconcierge.net\/fr\/wp-json\/wp\/v2\/pages\/587\/revisions\/"}],"wp:attachment":[{"href":"http:\/\/www.yourconcierge.net\/fr\/wp-json\/wp\/v2\/media\/?parent=587"}],"curies":[{"name":"wp","href":"https:\/\/api.w.org\/{rel}","templated":true}]}}