{"id":580,"date":"2016-06-07T20:42:20","date_gmt":"2016-06-08T00:42:20","guid":{"rendered":"http:\/\/www.yourconcierge.net\/fr\/contact\/"},"modified":"2020-05-14T12:57:01","modified_gmt":"2020-05-14T16:57:01","slug":"contact","status":"publish","type":"page","link":"http:\/\/www.yourconcierge.net\/fr\/contact\/","title":{"rendered":"CONTACT"},"content":{"rendered":"<div id='av_section_1' class='avia-section main_color avia-section-default avia-no-shadow avia-bg-style-scroll  avia-builder-el-0  avia-builder-el-no-sibling   container_wrap fullsize' style='background-color: #000000;  '  ><div class='container' ><main  role=\"main\" itemprop=\"mainContentOfPage\"  class='template-page content  av-content-full alpha units'><div class='post-entry post-entry-type-page post-entry-580'><div class='entry-content-wrapper clearfix'>\n<div style='padding-bottom:10px; color:#e0b13a;' class='av-special-heading av-special-heading-h1 custom-color-heading   avia-builder-el-1  el_before_av_textblock  avia-builder-el-first   '><h1 class='av-special-heading-tag '  itemprop=\"headline\"  >FAITES CONTACT AVEC NOUS !<\/h1><div class='special-heading-border'><div class='special-heading-inner-border' style='border-color:#e0b13a'><\/div><\/div><\/div>\n<section class=\"av_textblock_section \"  itemscope=\"itemscope\" itemtype=\"https:\/\/schema.org\/CreativeWork\" ><div class='avia_textblock  av_inherit_color '  style='color:#ffffff; '  itemprop=\"text\" ><p>Si vous avez des questions ou demande li\u00e9es \u00e0 <strong>notre app<\/strong> ou pour une coop\u00e9ration possible, veuillez ne pas h\u00e9siter \u00e0 nous contacter.<\/p>\n<p>Nous serons ravi d\u2019\u00eatre en contact avec vous !<\/p>\n<\/div><\/section>\n<div style='height:30px' class='hr hr-invisible   avia-builder-el-3  el_after_av_textblock  el_before_av_one_half '><span class='hr-inner ' ><span class='hr-inner-style'><\/span><\/span><\/div>\n<div class=\"flex_column av_one_half  flex_column_div av-zero-column-padding   avia-builder-el-4  el_after_av_hr  el_before_av_one_half   \" style='border-radius:0px; '><p><span class=\"av_font_icon avia_animate_when_visible avia-icon-animate  av-icon-style-  avia-icon-pos-center \" style=\"color:#ffd171; border-color:#ffd171;\"><span class='av-icon-char' style='font-size:20px;line-height:20px;' aria-hidden='true' data-av_icon='\ue842' data-av_iconfont='entypo-fontello' ><\/span><\/span><br \/>\n<section class=\"av_textblock_section \"  itemscope=\"itemscope\" itemtype=\"https:\/\/schema.org\/CreativeWork\" ><div class='avia_textblock  av_inherit_color '  style='color:#ffffff; '  itemprop=\"text\" ><p style=\"text-align: center;\">Boulevard 1ro. De Noviembre No. 406<br \/>\nEdificio Cedro, Local 3007<br \/>\nPunta Cana, La Altagracia<br \/>\nR\u00e9publique Dominicaine<\/p>\n<\/div><\/section><br \/>\n<span class=\"av_font_icon avia_animate_when_visible avia-icon-animate  av-icon-style-  avia-icon-pos-center \" style=\"color:#ffd171; border-color:#ffd171;\"><span class='av-icon-char' style='font-size:20px;line-height:20px;' aria-hidden='true' data-av_icon='\ue854' data-av_iconfont='entypo-fontello' ><\/span><\/span><br \/>\n<section class=\"av_textblock_section \"  itemscope=\"itemscope\" itemtype=\"https:\/\/schema.org\/CreativeWork\" ><div class='avia_textblock  '   itemprop=\"text\" ><p style=\"text-align: center;\"><a href=\"tel:\/\/1-829-831-0001\">+1 (829) 831-0001<\/a><br \/>\n<a href=\"tel:\/\/1-809-653-8808\">+1 (809) 653-8808<\/a><br \/>\n<a href=\"tel:\/\/1-829-962-6423\">+1 (829) 962-6423<\/a><\/p>\n<\/div><\/section><br \/>\n<span class=\"av_font_icon avia_animate_when_visible avia-icon-animate  av-icon-style-  avia-icon-pos-center \" style=\"color:#ffd171; border-color:#ffd171;\"><span class='av-icon-char' style='font-size:20px;line-height:20px;' aria-hidden='true' data-av_icon='\ue805' data-av_iconfont='entypo-fontello' ><\/span><\/span><br \/>\n<section class=\"av_textblock_section \"  itemscope=\"itemscope\" itemtype=\"https:\/\/schema.org\/CreativeWork\" ><div class='avia_textblock  '   itemprop=\"text\" ><p style=\"text-align: center;\"><a href=\"mailto:info@yourconcierge.net\">info@yourconcierge.net<\/a><\/p>\n<\/div><\/section><br \/>\n<span class=\"av_font_icon avia_animate_when_visible avia-icon-animate  av-medium-hide av-small-hide av-mini-hide av-icon-style-  avia-icon-pos-center \" style=\"color:#ffd171; border-color:#ffd171;\"><span class='av-icon-char' style='font-size:20px;line-height:20px;' aria-hidden='true' data-av_icon='\uf232' data-av_iconfont='fontello' ><\/span><\/span><br \/>\n<section class=\"av_textblock_section  av-medium-hide av-small-hide av-mini-hide\"  itemscope=\"itemscope\" itemtype=\"https:\/\/schema.org\/CreativeWork\" ><div class='avia_textblock  '   itemprop=\"text\" ><p style=\"text-align: center;\"><strong>WhatsApp 24\/7<\/strong><\/p>\n<p style=\"text-align: center;\"><a href=\"https:\/\/api.whatsapp.com\/send?phone=18096538808\" target=\"_blank\" rel=\"noopener noreferrer\">+1 (809) 653-8808<\/a><\/p>\n<\/div><\/section><br \/>\n<div class='avia-button-wrap avia-button-center  avia-builder-el-13  el_after_av_textblock  el_before_av_hr  '><a href='https:\/\/api.whatsapp.com\/send?phone=18096538808' class='avia-button avia-button-fullwidth  av-desktop-hide  avia-icon_select-yes-left-icon avia-color-theme-color '  target=\"_blank\"  style='color:#ffffff; ' ><span class='avia_button_icon avia_button_icon_left ' aria-hidden='true' data-av_icon='\uf232' data-av_iconfont='fontello'><\/span><span class='avia_iconbox_title' >WhatsApp 24\/7<\/span><span class='avia_button_background avia-button avia-button-fullwidth avia-color-theme-color' ><\/span><\/a><\/div><br \/>\n<div style='height:17px' class='hr hr-invisible   avia-builder-el-14  el_after_av_button_big  el_before_av_heading  avia-builder-el-first  '><span class='hr-inner ' ><span class='hr-inner-style'><\/span><\/span><\/div><br \/>\n<div style='padding-bottom:10px; color:#ffffff;' class='av-special-heading av-special-heading-h4 custom-color-heading blockquote modern-quote modern-centered  avia-builder-el-15  el_after_av_hr  el_before_av_textblock   '><h4 class='av-special-heading-tag '  itemprop=\"headline\"  >Suivez-nous !<\/h4><div class='special-heading-border'><div class='special-heading-inner-border' style='border-color:#ffffff'><\/div><\/div><\/div><br \/>\n<section class=\"av_textblock_section \"  itemscope=\"itemscope\" itemtype=\"https:\/\/schema.org\/CreativeWork\" ><div class='avia_textblock  '   itemprop=\"text\" ><div class=\"center-icon\"><span class=\"av_font_icon avia_animate_when_visible avia-icon-animate  0 av-icon-style-  avia-icon-pos-left \" style=\"color:#ca9731; border-color:#ca9731;\"><a href='https:\/\/www.instagram.com\/yourconciergeapp\/'  target=\"_blank\"   class='av-icon-char' style='font-size:40px;line-height:40px;' aria-hidden='true' data-av_icon='\ue909' data-av_iconfont='entypo-fontello' ><\/a><\/span> <span class=\"av_font_icon avia_animate_when_visible avia-icon-animate  0 av-icon-style-  avia-icon-pos-left \" style=\"color:#ca9731; border-color:#ca9731;\"><a href='https:\/\/www.facebook.com\/yourconciergeapp\/'  target=\"_blank\"   class='av-icon-char' style='font-size:40px;line-height:40px;' aria-hidden='true' data-av_icon='\ue8f5' data-av_iconfont='entypo-fontello' ><\/a><\/span> <span class=\"av_font_icon avia_animate_when_visible avia-icon-animate  0 av-icon-style-  avia-icon-pos-left \" style=\"color:#ca9731; border-color:#ca9731;\"><a href='https:\/\/www.twitter.com\/yourconciergeap\/'  target=\"_blank\"   class='av-icon-char' style='font-size:40px;line-height:40px;' aria-hidden='true' data-av_icon='\ue8f1' data-av_iconfont='entypo-fontello' ><\/a><\/span><\/div>\n<\/div><\/section><br \/>\n<div style='height:7px' class='hr hr-invisible   avia-builder-el-20  el_after_av_textblock  avia-builder-el-last  '><span class='hr-inner ' ><span class='hr-inner-style'><\/span><\/span><\/div><\/p><\/div><div class=\"flex_column av_one_half  flex_column_div av-zero-column-padding first  avia-builder-el-21  el_after_av_one_half  avia-builder-el-last  column-top-margin\" style='border-radius:0px; '><form action=\"http:\/\/www.yourconcierge.net\/fr\/contact\/\" method=\"post\"  class=\"avia_ajax_form av-form-labels-visible   avia-builder-el-22  avia-builder-el-no-sibling  av-custom-form-color av-light-form \" data-avia-form-id=\"1\" data-avia-redirect=''><fieldset><h3>E-MAIL US<\/h3><p class=' first_form  form_element form_fullwidth' id='element_avia_1_1'><label for=\"avia_1_1\">Nom <abbr class=\"required\" title=\"requis\">*<\/abbr><\/label> <input name=\"avia_1_1\" class=\"text_input is_empty\" type=\"text\" id=\"avia_1_1\" value=\"\" \/><\/p><p class=' first_form  form_element form_fullwidth' id='element_avia_2_1'><label for=\"avia_2_1\">Courriel <abbr class=\"required\" title=\"requis\">*<\/abbr><\/label> <input name=\"avia_2_1\" class=\"text_input is_email\" type=\"text\" id=\"avia_2_1\" value=\"\" \/><\/p><p class=' first_form  form_element form_fullwidth' id='element_avia_3_1'>\t <label for=\"avia_3_1\" class=\"textare_label hidden textare_label_avia_3_1\">Message <abbr class=\"required\" title=\"requis\">*<\/abbr><\/label>\t <textarea  name=\"avia_3_1\" class=\"text_area is_empty\" cols=\"40\" rows=\"7\" id=\"avia_3_1\" ><\/textarea><\/p><p class=\"hidden\"><input type=\"text\" name=\"avia_4_1\" class=\"hidden \" id=\"avia_4_1\" value=\"\" \/><\/p><p class='' id='element_avia_5_1'>    <span class='value_verifier_label'>2 + 2 = ?<\/span>    <input name=\"avia_5_1_verifier\" type=\"hidden\" id=\"avia_5_1_verifier\" value=\"846741476\"\/><label for=\"avia_5_1\">Pour prouver que vous \u00eates un humain, donnez le r\u00e9sultat de cette simple op\u00e9ration <abbr class=\"required\" title=\"requis\">*<\/abbr><\/label>    <input name=\"avia_5_1\" class=\"text_input captcha\" type=\"text\" id=\"avia_5_1\" value=\"\"\/><\/p><p class=\"form_element \"><input type=\"hidden\" value=\"1\" name=\"avia_generated_form1\" \/><input type=\"submit\" value=\"Envoie\" class=\"button\"  data-sending-label=\"Envoi\"\/><\/p><\/fieldset><\/form><div id=\"ajaxresponse_1\" class=\"ajaxresponse ajaxresponse_1 hidden\"><\/div><\/div>\n","protected":false},"excerpt":{"rendered":"","protected":false},"author":1,"featured_media":0,"parent":0,"menu_order":0,"comment_status":"closed","ping_status":"closed","template":"","meta":{"footnotes":""},"yoast_head":"<!-- This site is optimized with the Yoast SEO plugin v15.7 - https:\/\/yoast.com\/wordpress\/plugins\/seo\/ -->\n<title>Contact Your Concierge<\/title>\n<meta name=\"description\" content=\"Si vous avez des questions ou demande li\u00e9es \u00e0 notre application ou de coop\u00e9ration possible, s&#039;il vous pla\u00eet ne pas h\u00e9siter \u00e0 nous contacter.\" \/>\n<meta name=\"robots\" content=\"index, follow, max-snippet:-1, max-image-preview:large, max-video-preview:-1\" \/>\n<link rel=\"canonical\" href=\"http:\/\/www.yourconcierge.net\/fr\/contact\/\" \/>\n<meta property=\"og:locale\" content=\"fr_FR\" \/>\n<meta property=\"og:type\" content=\"article\" \/>\n<meta property=\"og:title\" content=\"Contact Your Concierge\" \/>\n<meta property=\"og:description\" content=\"Si vous avez des questions ou demande li\u00e9es \u00e0 notre application ou de coop\u00e9ration possible, s&#039;il vous pla\u00eet ne pas h\u00e9siter \u00e0 nous contacter.\" \/>\n<meta property=\"og:url\" content=\"http:\/\/www.yourconcierge.net\/fr\/contact\/\" \/>\n<meta property=\"og:site_name\" content=\"Your Concierge\" \/>\n<meta property=\"article:publisher\" content=\"http:\/\/facebook.com\/yourconciergeapp\" \/>\n<meta property=\"article:modified_time\" content=\"2020-05-14T16:57:01+00:00\" \/>\n<meta name=\"twitter:card\" content=\"summary\" \/>\n<meta name=\"twitter:site\" content=\"@yourconciergeap\" \/>\n<meta name=\"twitter:label1\" content=\"Dur\u00e9e de lecture est.\">\n\t<meta name=\"twitter:data1\" content=\"6 minutes\">\n<script type=\"application\/ld+json\" class=\"yoast-schema-graph\">{\"@context\":\"https:\/\/schema.org\",\"@graph\":[{\"@type\":\"WebSite\",\"@id\":\"http:\/\/www.yourconcierge.net\/#website\",\"url\":\"http:\/\/www.yourconcierge.net\/\",\"name\":\"Your Concierge\",\"description\":\"L;App de Conciergerie Personnalis\\u00e9\",\"potentialAction\":[{\"@type\":\"SearchAction\",\"target\":\"http:\/\/www.yourconcierge.net\/?s={search_term_string}\",\"query-input\":\"required name=search_term_string\"}],\"inLanguage\":\"fr-FR\"},{\"@type\":\"WebPage\",\"@id\":\"http:\/\/www.yourconcierge.net\/fr\/contact\/#webpage\",\"url\":\"http:\/\/www.yourconcierge.net\/fr\/contact\/\",\"name\":\"Contact Your Concierge\",\"isPartOf\":{\"@id\":\"http:\/\/www.yourconcierge.net\/#website\"},\"datePublished\":\"2016-06-08T00:42:20+00:00\",\"dateModified\":\"2020-05-14T16:57:01+00:00\",\"description\":\"Si vous avez des questions ou demande li\\u00e9es \\u00e0 notre application ou de coop\\u00e9ration possible, s'il vous pla\\u00eet ne pas h\\u00e9siter \\u00e0 nous contacter.\",\"inLanguage\":\"fr-FR\",\"potentialAction\":[{\"@type\":\"ReadAction\",\"target\":[\"http:\/\/www.yourconcierge.net\/fr\/contact\/\"]}]}]}<\/script>\n<!-- \/ Yoast SEO plugin. -->","_links":{"self":[{"href":"http:\/\/www.yourconcierge.net\/fr\/wp-json\/wp\/v2\/pages\/580\/"}],"collection":[{"href":"http:\/\/www.yourconcierge.net\/fr\/wp-json\/wp\/v2\/pages\/"}],"about":[{"href":"http:\/\/www.yourconcierge.net\/fr\/wp-json\/wp\/v2\/types\/page\/"}],"author":[{"embeddable":true,"href":"http:\/\/www.yourconcierge.net\/fr\/wp-json\/wp\/v2\/users\/1\/"}],"replies":[{"embeddable":true,"href":"http:\/\/www.yourconcierge.net\/fr\/wp-json\/wp\/v2\/comments\/?post=580"}],"version-history":[{"count":2,"href":"http:\/\/www.yourconcierge.net\/fr\/wp-json\/wp\/v2\/pages\/580\/revisions\/"}],"predecessor-version":[{"id":3398,"href":"http:\/\/www.yourconcierge.net\/fr\/wp-json\/wp\/v2\/pages\/580\/revisions\/3398\/"}],"wp:attachment":[{"href":"http:\/\/www.yourconcierge.net\/fr\/wp-json\/wp\/v2\/media\/?parent=580"}],"curies":[{"name":"wp","href":"https:\/\/api.w.org\/{rel}","templated":true}]}}