{"id":578,"date":"2016-06-07T20:42:20","date_gmt":"2016-06-08T00:42:20","guid":{"rendered":"http:\/\/www.yourconcierge.net\/fr\/about\/"},"modified":"2018-09-18T15:39:43","modified_gmt":"2018-09-18T19:39:43","slug":"a-propos-de-nous","status":"publish","type":"page","link":"http:\/\/www.yourconcierge.net\/fr\/a-propos-de-nous\/","title":{"rendered":"\u00c0 PROPOS DE NOUS"},"content":{"rendered":"<div id='full_slider_1' class='avia-fullwidth-slider main_color avia-shadow   avia-builder-el-0  el_before_av_one_full  avia-builder-el-first  container_wrap fullsize' style=' '  ><div  data-size='no scaling'  data-lightbox_size='large'  data-animation='slide'  data-conditional_play=''  data-ids='225'  data-video_counter='0'  data-autoplay='false'  data-bg_slider='false'  data-slide_height=''  data-handle='av_slideshow_full'  data-interval='5'  data-class=' image_no_stretch'  data-css_id=''  data-scroll_down=''  data-control_layout='av-control-default'  data-custom_markup=''  data-perma_caption=''  data-autoplay_stopper=''  data-image_attachment=''  data-min_height='0px'  data-src=''  data-position='top left'  data-repeat='no-repeat'  data-attach='scroll'  data-stretch='image_no_stretch'  class='avia-slideshow avia-slideshow-1  av-control-default av-default-height-applied avia-slideshow-no scaling av_slideshow_full  image_no_stretch avia-slide-slider '  itemprop=\"ImageObject\" itemscope=\"itemscope\" itemtype=\"https:\/\/schema.org\/ImageObject\" ><ul class='avia-slideshow-inner ' style='padding-bottom: 37.5%;' ><li  class=' av-single-slide slide-1 ' ><div data-rel='slideshow-1' class='avia-slide-wrap '  title='Your Concierge - \u00c0 propos de nous' ><img src='http:\/\/www.yourconcierge.net\/wp-content\/uploads\/YourConcierge-About1.jpg' width='1600' height='600' title='Your Concierge - \u00c0 propos de nous' alt='Your Concierge - \u00c0 propos de nous'  itemprop=\"thumbnailUrl\"   \/><\/div><\/li><\/ul><\/div><\/div><div id='after_full_slider_1' class='main_color av_default_container_wrap container_wrap fullsize' style=' '  ><div class='container' ><div class='template-page content  av-content-full alpha units'><div class='post-entry post-entry-type-page post-entry-578'><div class='entry-content-wrapper clearfix'>\n<div class=\"flex_column av_one_full  flex_column_div av-zero-column-padding first  avia-builder-el-1  el_after_av_slideshow_full  el_before_av_section  avia-builder-el-no-sibling  \" style='border-radius:0px; '><section class=\"av_textblock_section \"  itemscope=\"itemscope\" itemtype=\"https:\/\/schema.org\/CreativeWork\" ><div class='avia_textblock  '   itemprop=\"text\" ><h2>\u00c0 PROPOS DE NOUS<\/h2>\n<\/div><\/section><br \/>\n<section class=\"av_textblock_section \"  itemscope=\"itemscope\" itemtype=\"https:\/\/schema.org\/CreativeWork\" ><div class='avia_textblock  '   itemprop=\"text\" ><p>Faisant partie de la compagnie Express Check in, un groupe prestataire de services d\u2019aviation global et de tourisme, <strong>Your Concierge<\/strong> est le premier service de plate-forme en ligne sur le march\u00e9 g\u00e9r\u00e9 avec un personnel hautement exp\u00e9riment\u00e9 dans l&rsquo;industrie de l\u2019aviation et du tourisme. <strong>Your Concierge<\/strong> fournit une assistance comp\u00e9tente dans un vaste nombre de services, tous r\u00e9alis\u00e9s dans une atmosph\u00e8re internationale sophistiqu\u00e9e. En soutenant et en encourageant une culture entrepreneuriale, cr\u00e9ative et ax\u00e9e sur la client\u00e8le, nous visons \u00e0 fournir une qualit\u00e9 sup\u00e9rieure de solutions taill\u00e9es sur mesure selon les gouts de nos clients.<\/p>\n<\/div><\/section><br \/>\n<div style='height:20px' class='hr hr-invisible   avia-builder-el-4  el_after_av_textblock  avia-builder-el-last '><span class='hr-inner ' ><span class='hr-inner-style'><\/span><\/span><\/div><\/p><\/div>\n<\/div><\/div><\/div><!-- close content main div --><\/div><\/div><div id='av_section_1' class='avia-section main_color avia-section-large avia-no-border-styling av-parallax-section avia-bg-style-parallax  avia-builder-el-5  el_after_av_one_full  el_before_av_hr   container_wrap fullsize' style=' '  data-section-bg-repeat='no-repeat'><div class='av-parallax' data-avia-parallax-ratio='0.3' ><div class='av-parallax-inner main_color  avia-full-stretch' style = 'background-repeat: no-repeat; background-image: url(http:\/\/www.yourconcierge.net\/wp-content\/uploads\/YourConcierge-About2.jpg);background-attachment: scroll; background-position: center right; ' ><\/div><\/div><div class='container' ><div class='template-page content  av-content-full alpha units'><div class='post-entry post-entry-type-page post-entry-578'><div class='entry-content-wrapper clearfix'>\n<section class=\"av_textblock_section \"  itemscope=\"itemscope\" itemtype=\"https:\/\/schema.org\/CreativeWork\" ><div class='avia_textblock  av_inherit_color '  style='font-size:30px; color:#ffffff; '  itemprop=\"text\" ><h2 style=\"text-align: center; text-shadow: 0px 0px 5px black;\">Notre \u00e9quipe de conciergerie d\u00e9di\u00e9e vous fournira une exp\u00e9rience inoubliable durant votre s\u00e9jour dans n\u2019importe quelle ville de votre choix.<\/h2>\n<\/div><\/section>\n<\/div><\/div><\/div><!-- close content main div --><\/div><\/div><div id='after_section_1' class='main_color av_default_container_wrap container_wrap fullsize' style=' '  ><div class='container' ><div class='template-page content  av-content-full alpha units'><div class='post-entry post-entry-type-page post-entry-578'><div class='entry-content-wrapper clearfix'>\n<div style='height:20px' class='hr hr-invisible   avia-builder-el-7  el_after_av_section  el_before_av_one_half  avia-builder-el-first '><span class='hr-inner ' ><span class='hr-inner-style'><\/span><\/span><\/div>\n<div class=\"flex_column av_one_half  flex_column_div av-zero-column-padding first  avia-builder-el-8  el_after_av_hr  el_before_av_one_half  \" style='border-radius:0px; '><p><div style='padding-bottom:10px; ' class='av-special-heading av-special-heading-h2    avia-builder-el-9  el_before_av_hr  avia-builder-el-first   '><h2 class='av-special-heading-tag '  itemprop=\"headline\"  >\u00c0 PROPOS DE NOTRE VISION<br \/>\nET STRAT\u00c9GIE<\/h2><div class='special-heading-border'><div class='special-heading-inner-border' ><\/div><\/div><\/div><br \/>\n<div style='height:20px' class='hr hr-invisible   avia-builder-el-10  el_after_av_heading  el_before_av_textblock '><span class='hr-inner ' ><span class='hr-inner-style'><\/span><\/span><\/div><br \/>\n<section class=\"av_textblock_section \"  itemscope=\"itemscope\" itemtype=\"https:\/\/schema.org\/CreativeWork\" ><div class='avia_textblock  '   itemprop=\"text\" ><p><strong>Notre vision<\/strong> est de devenir une entreprise de liaison \u00e0 travers le monde faisant de chaque service une exp\u00e9rience sup\u00e9rieure. En utilisant notre expertise, nous sommes en mesure de fournir des solutions innovantes qui d\u00e9passent les besoins de nos clients.<\/p>\n<p><strong>Notre strat\u00e9gie<\/strong>\u00a0se pose sur ces 4 piliers :<\/p>\n<ul>\n<li>Placer en premier nos clients ;<\/li>\n<li>D\u00e9velopper et maintenir les comp\u00e9tences de notre \u00e9quipe ;<\/li>\n<li>Cr\u00e9er et maintenir un portefeuille diversifi\u00e9 de fournisseurs ;<\/li>\n<li>Mise \u00e0 jour de notre r\u00e9seau de technologie.<\/li>\n<\/ul>\n<\/div><\/section><\/p><\/div><div class=\"flex_column av_one_half  flex_column_div av-zero-column-padding   avia-builder-el-12  el_after_av_one_half  el_before_av_hr  \" style='border-radius:0px; '><div class='avia-image-container  av-styling-    avia-builder-el-13  avia-builder-el-no-sibling  avia-align-center '  itemprop=\"ImageObject\" itemscope=\"itemscope\" itemtype=\"https:\/\/schema.org\/ImageObject\"  ><div class='avia-image-container-inner'><div class='avia-image-overlay-wrap'><img class='avia_image' src='http:\/\/www.yourconcierge.net\/wp-content\/uploads\/YourConcierge-About3.jpg' alt='Your Concierge - \u00c0 propos de nous' title='Your Concierge - \u00c0 propos de nous' height=\"400\" width=\"600\"  itemprop=\"thumbnailUrl\"  \/><\/div><\/div><\/div><\/div><\/p>\n<div style='height:20px' class='hr hr-invisible   avia-builder-el-14  el_after_av_one_half  el_before_av_textblock '><span class='hr-inner ' ><span class='hr-inner-style'><\/span><\/span><\/div>\n<section class=\"av_textblock_section \"  itemscope=\"itemscope\" itemtype=\"https:\/\/schema.org\/CreativeWork\" ><div class='avia_textblock  '   itemprop=\"text\" ><p>Notre succ\u00e8s repose sur la fa\u00e7on dont nous nous soucions de nos clients et partenaires. Par cons\u00e9quent, vous \u00eates invit\u00e9s \u00e0 nous envoyer vos commentaires et \u00e9valuations. Utilisez notre page de <a href=\"http:\/\/www.yourconcierge.net\/fr\/contact\/\">contact<\/a> pour nous dire ce que nous faisons correctement ou bien ce que nous pouvons am\u00e9liorer.<\/p>\n<\/div><\/section>\n","protected":false},"excerpt":{"rendered":"","protected":false},"author":1,"featured_media":0,"parent":0,"menu_order":0,"comment_status":"closed","ping_status":"closed","template":"","meta":{"footnotes":""},"yoast_head":"<!-- This site is optimized with the Yoast SEO plugin v15.7 - https:\/\/yoast.com\/wordpress\/plugins\/seo\/ -->\n<title>\u00c0 PROPOS DE NOUS<\/title>\n<meta name=\"description\" content=\"\u00c0 propos de nous : Your Concierge est le premier service de plate-forme en ligne sur le march\u00e9 lequel est capable de vous fournir une assistance comp\u00e9tente.\" \/>\n<meta name=\"robots\" content=\"index, follow, max-snippet:-1, max-image-preview:large, max-video-preview:-1\" \/>\n<link rel=\"canonical\" href=\"http:\/\/www.yourconcierge.net\/fr\/a-propos-de-nous\/\" \/>\n<meta property=\"og:locale\" content=\"fr_FR\" \/>\n<meta property=\"og:type\" content=\"article\" \/>\n<meta property=\"og:title\" content=\"\u00c0 PROPOS DE NOUS\" \/>\n<meta property=\"og:description\" content=\"\u00c0 propos de nous : Your Concierge est le premier service de plate-forme en ligne sur le march\u00e9 lequel est capable de vous fournir une assistance comp\u00e9tente.\" \/>\n<meta property=\"og:url\" content=\"http:\/\/www.yourconcierge.net\/fr\/a-propos-de-nous\/\" \/>\n<meta property=\"og:site_name\" content=\"Your Concierge\" \/>\n<meta property=\"article:publisher\" content=\"http:\/\/facebook.com\/yourconciergeapp\" \/>\n<meta property=\"article:modified_time\" content=\"2018-09-18T19:39:43+00:00\" \/>\n<meta name=\"twitter:card\" content=\"summary\" \/>\n<meta name=\"twitter:site\" content=\"@yourconciergeap\" \/>\n<meta name=\"twitter:label1\" content=\"Dur\u00e9e de lecture est.\">\n\t<meta name=\"twitter:data1\" content=\"4 minutes\">\n<script type=\"application\/ld+json\" class=\"yoast-schema-graph\">{\"@context\":\"https:\/\/schema.org\",\"@graph\":[{\"@type\":\"WebSite\",\"@id\":\"http:\/\/www.yourconcierge.net\/fr\/#website\",\"url\":\"http:\/\/www.yourconcierge.net\/fr\/\",\"name\":\"Your Concierge\",\"description\":\"L;App de Conciergerie Personnalis\\u00e9\",\"potentialAction\":[{\"@type\":\"SearchAction\",\"target\":\"http:\/\/www.yourconcierge.net\/fr\/?s={search_term_string}\",\"query-input\":\"required name=search_term_string\"}],\"inLanguage\":\"fr-FR\"},{\"@type\":\"WebPage\",\"@id\":\"http:\/\/www.yourconcierge.net\/fr\/a-propos-de-nous\/#webpage\",\"url\":\"http:\/\/www.yourconcierge.net\/fr\/a-propos-de-nous\/\",\"name\":\"\\u00c0 PROPOS DE NOUS\",\"isPartOf\":{\"@id\":\"http:\/\/www.yourconcierge.net\/fr\/#website\"},\"datePublished\":\"2016-06-08T00:42:20+00:00\",\"dateModified\":\"2018-09-18T19:39:43+00:00\",\"description\":\"\\u00c0 propos de nous : Your Concierge est le premier service de plate-forme en ligne sur le march\\u00e9 lequel est capable de vous fournir une assistance comp\\u00e9tente.\",\"inLanguage\":\"fr-FR\",\"potentialAction\":[{\"@type\":\"ReadAction\",\"target\":[\"http:\/\/www.yourconcierge.net\/fr\/a-propos-de-nous\/\"]}]}]}<\/script>\n<!-- \/ Yoast SEO plugin. -->","_links":{"self":[{"href":"http:\/\/www.yourconcierge.net\/fr\/wp-json\/wp\/v2\/pages\/578\/"}],"collection":[{"href":"http:\/\/www.yourconcierge.net\/fr\/wp-json\/wp\/v2\/pages\/"}],"about":[{"href":"http:\/\/www.yourconcierge.net\/fr\/wp-json\/wp\/v2\/types\/page\/"}],"author":[{"embeddable":true,"href":"http:\/\/www.yourconcierge.net\/fr\/wp-json\/wp\/v2\/users\/1\/"}],"replies":[{"embeddable":true,"href":"http:\/\/www.yourconcierge.net\/fr\/wp-json\/wp\/v2\/comments\/?post=578"}],"version-history":[{"count":0,"href":"http:\/\/www.yourconcierge.net\/fr\/wp-json\/wp\/v2\/pages\/578\/revisions\/"}],"wp:attachment":[{"href":"http:\/\/www.yourconcierge.net\/fr\/wp-json\/wp\/v2\/media\/?parent=578"}],"curies":[{"name":"wp","href":"https:\/\/api.w.org\/{rel}","templated":true}]}}