{"id":717,"date":"2016-06-09T15:14:44","date_gmt":"2016-06-09T19:14:44","guid":{"rendered":"http:\/\/www.yourconcierge.net\/es\/terms-and-conditions\/"},"modified":"2018-01-27T09:33:53","modified_gmt":"2018-01-27T13:33:53","slug":"terminos-y-condiciones","status":"publish","type":"page","link":"http:\/\/www.yourconcierge.net\/es\/terminos-y-condiciones\/","title":{"rendered":"T\u00e9rminos y Condiciones"},"content":{"rendered":"<div style='padding-bottom:10px; ' class='av-special-heading av-special-heading-h2    avia-builder-el-0  el_before_av_one_full  avia-builder-el-first   '><h2 class='av-special-heading-tag '  itemprop=\"headline\"  >T\u00e9rminos y Condiciones<\/h2><div class='special-heading-border'><div class='special-heading-inner-border' ><\/div><\/div><\/div>\n<div class=\"flex_column av_one_full  flex_column_div av-zero-column-padding first  avia-builder-el-1  el_after_av_heading  avia-builder-el-last  \" style='border-radius:0px; '><p><section class=\"av_textblock_section \"  itemscope=\"itemscope\" itemtype=\"https:\/\/schema.org\/CreativeWork\" ><div class='avia_textblock  '   itemprop=\"text\" ><p>Your Concierge\u00a0es parte de la empresa Express Check-In, SRL.<\/p>\n<\/div><\/section><br \/>\n<section class=\"av_textblock_section \"  itemscope=\"itemscope\" itemtype=\"https:\/\/schema.org\/CreativeWork\" ><div class='avia_textblock  '   itemprop=\"text\" ><p>Express Check-In ECI, SRL., ofrece una variedad de excursiones exclusivas, restaurantes gourmet, tours y servicios a trav\u00e9s de Yourconcierge.net, en la Rep\u00fablica Dominicana. Express Check-In ECI, SRL., como yourconcierge.net, opera un servicio de reservaciones, mediando entre la persona que realiza la reserva (el \u00abCliente\u00bb) y la empresa operadora de excursiones, restaurantes y excursiones ( \u00ablos distribuidores\u00bb). A medida que \u00e9stos T\u00e9rminos y Condiciones contienen obligaciones legales, le recomendamos que lea detenidamente. Forman la base sobre la que se aceptan las reservas por Express Check-In ECI, SRL., como yourconcierge.net. La compra de cualquiera de los servicios de viaje ofrecidos por Express Check-In ECI, SRL., como yourconcierge.net constituye un acuerdo contractual entre el cliente y Express Check-In ECI, SRL., como yourconcierge.net, y representa la aceptaci\u00f3n del cliente de Express Check-In ECI, SRL., como yourconcierge.net, los T\u00e9rminos y condiciones descritos aqu\u00ed. Por favor aseg\u00farese de leer cuidadosamente y entender estos t\u00e9rminos y condiciones antes de comprometerse y\/o reservar.<\/p>\n<p>A medida que usted accede a estos sitios web <a href=\"http:\/\/www.yourconcierge.net\">www.yourconcierge.net<\/a>,\u00a0y\u00a0<a href=\"http:\/\/www.expresscheckin.net\">www.expresscheckin.net<\/a>, y continua con el uso de ellos constituye la aceptaci\u00f3n de todos los t\u00e9rminos, condiciones y avisos, y cualquier cambio a Express Check-In ECI, SRL., como yourconcierge.net, T\u00e9rminos y Condiciones. El usuario acepta que quedar\u00e1 vinculado con estos sitios web T\u00e9rminos y condiciones de uso, todas las leyes y reglamentos aplicables, y acepta que es responsable del cumplimiento de las leyes locales aplicables. Si no est\u00e1 de acuerdo con cualquiera de \u00e9stos t\u00e9rminos, est\u00e1 prohibido el uso o acceso a este sitio. Los materiales contenidos en \u00e9ste sitio web est\u00e1n protegidos por derechos de autor y derecho de marcas.<\/p>\n<p><strong>Condiciones de su compromiso \/ Reservas<\/strong><\/p>\n<p>Compromiso \/ reservas, se producen a trav\u00e9s de la p\u00e1gina web de Express Check-In ECI, SRL., como yourconcierge.net, a trav\u00e9s del correo electr\u00f3nico <a href=\"mailto:info@yourconcierge.net\">info@yourconcierge.net<\/a>,\u00a0y\/o\u00a0<a href=\"mailto:info@expresscheckin.net\">info@expresscheckin.net<\/a>\u00a0o por el n\u00famero (s) de tel\u00e9fono que aparecen en la p\u00e1gina web. Cualquier compromiso y\/o reservas hecha por usted, ya sea a trav\u00e9s del sitio web o de lo contrario, se considerar\u00e1 como una oferta para usted para adquirir el servicio correspondiente al tema relacionado con estas condiciones de reserva. Ning\u00fan contrato entre Express Check-In ECI, SRL., y usted, entrar\u00e1 en existencia hasta que Express Check-In ECI, SRL., acepta el pago completo y emita una factura de confirmaci\u00f3n y el recibo de pago. El cliente que hace la reserva acepta estas condiciones en nombre de todos los miembros de las partes comprendidas y es responsable de todo pago adeudado a la parte interesada. Mediante la presentaci\u00f3n de una reserva, el usuario garantiza y nos confirma que est\u00e1 de acuerdo con estos arreglos. Adem\u00e1s, que valida que toda la informaci\u00f3n presentada es correcta y est\u00e1 actualizada con lo mejor de su conocimiento. Express Check-In ECI, SRL., como yourconcierge.net, no acepta responsabilidad alguna por problemas que surgen debido a informaci\u00f3n insuficiente o inexacta proporcionada por el Cliente.<\/p>\n<p><strong>Condiciones de cambio o cancelaci\u00f3n<\/strong><\/p>\n<p>En caso de cambios por parte del distribuidor, incluyendo, pero no limitado a las cancelaciones y cambios de itinerario o elecci\u00f3n de rutas debido a las condiciones meteorol\u00f3gicas u otros factores, o cualquier problema con respecto a los precios, los t\u00e9rminos y condiciones del distribuidor particular, se aplican, y toda responsabilidad recae en el Distribuidor.<\/p>\n<p>Express Check-In ECI, SRL., como yourconcierge.net, se reserva el derecho de cancelar o modificar recorridos, en espera de una compensaci\u00f3n completa, por razones de seguridad o viabilidad. En caso de cancelaci\u00f3n por parte del cliente, Express Check-In ECI, SRL., como yourconcierge.net, har\u00e1 todo lo posible para garantizar la mejor protecci\u00f3n para usted. Sin embargo, cancelaci\u00f3n tard\u00eda puede dar lugar a reclamaciones de compensaci\u00f3n por parte de los proveedores de servicios. Todas las cancelaciones deben ser enviadas a Express Check-In ECI, SRL., como yourconcierge.net, por correo electr\u00f3nico. De conformidad con las pr\u00e1cticas comerciales est\u00e1ndar de la industria del turismo en la Rep\u00fablica Dominicana, Express Check-In ECI, SRL, como yourconcierge.net cobra comisiones por gastos de cancelaci\u00f3n a los clientes y\/o no devuelve los valores tal y como se expresa a continuaci\u00f3n:<\/p>\n<p>Tanto usted como Express Check-In ECI, SRL, entienden que se suscribe a una responsabilidad limitada en las actividades que elige, y que la responsabilidad Express Check-In ECI, SRL, llega hasta la conclusi\u00f3n de la coordinaci\u00f3n. Si usted no se presenta, llega tarde, cambia su itinerario y\/o pierde su reserva de Express Check-In ECI, SRL., est\u00e1 en su plena capacidad de no devolver el dinero. Despu\u00e9s de la conclusi\u00f3n de la coordinaci\u00f3n es la responsabilidad de las compa\u00f1\u00edas de distribuci\u00f3n no la nuestra. As\u00ed como, responsabilidad del mal uso de las tarjetas de cr\u00e9dito es totalmente su culpa.<\/p>\n<p><strong>Condiciones de pago<\/strong><\/p>\n<p>Todas las reservas realizadas en l\u00ednea requieren el pago completo en el momento de efectuar la reserva. Una vez confirmada su reserva, recibir\u00e1 un correo electr\u00f3nico con su n\u00famero de reserva, cada recibo de la actividad, factura y una lista de recordatorios de lo que debe traer. Favor de imprimir \u00e9ste documento y traerlo a la Rep\u00fablica Dominicana, ya que \u00e9ste ser\u00e1 la prueba de pago y que se utiliza como un recibo para asegurar su participaci\u00f3n en cada actividad. Por favor, compruebe todos los detalles de su confirmaci\u00f3n con cuidado para asegurarse de que son exactamente como se ha solicitado. En caso de discrepancia, por favor, p\u00f3ngase en contacto con Express Check-In ECI, SRL., como yourconcierge.net inmediatamente.<\/p>\n<p><strong>Confirmaci\u00f3n de la orden<\/strong><\/p>\n<p>Si usted no recibe una confirmaci\u00f3n v\u00eda correo electr\u00f3nico dentro de los dos (2) d\u00edas despu\u00e9s de haber completado el proceso de reserva en l\u00ednea y enviado el pago, o si usted experimenta un mensaje de error o interrupci\u00f3n del servicio despu\u00e9s de presentar la informaci\u00f3n de pago, es su responsabilidad confirmar con Express Check-In ECI, SRL., como yourconcierge.net, al departamento de servicio al cliente si su pedido ha sido realizado. Express Check-In ECI, SRL., como yourconcierge.net, no ser\u00e1 responsable de las p\u00e9rdidas (monetarios o no) que sea reclamado como resultado de la incapacidad del cliente para completar la solicitud en l\u00ednea y buscar la confirmaci\u00f3n de la presentaci\u00f3n adecuada.<\/p>\n<p><strong>Errores, inexactitudes y omisiones<\/strong><\/p>\n<p>De vez en cuando puede haber informaci\u00f3n en nuestros Sitios que contiene errores tipogr\u00e1ficos, inexactitudes u omisiones que puedan relacionarse con las descripciones de productos y\/o servicios, precios, promociones, ofertas y disponibilidad. Nos reservamos el derecho de corregir los errores, inexactitudes u omisiones y de cambiar o actualizar la informaci\u00f3n o cancelar pedidos si alguna informaci\u00f3n en los Sitios es inexacta en cualquier momento sin previo aviso (incluso despu\u00e9s de que haya enviado su orden).<\/p>\n<p>En el caso de que el precio al que Express Check-In ECI, SRL., como yourconcierge.net, es comprado es incorrecto y no intencionados por Express Check-In ECI, SRL., como yourconcierge.net, debido a un error electr\u00f3nico, tipogr\u00e1fico, humano u otro error de cualquier tipo en el precio ofertado, cotizado, o anunciados, Express Check-In ECI, SRL., como yourconcierge.net, se reserva el derecho de corregir el precio err\u00f3neo y solicitarle al cliente pagar la cantidad correcta previsto, o por la cancelaci\u00f3n de la orden a cambio de un reembolso completo. En ning\u00fan caso, Express Check-In ECI, SRL., como yourconcierge.net, est\u00e1 obligado a cumplir dicha orden de compra de billetes o comprar como resultado de un error o de lo contrario no ser\u00e1 responsable en tal circunstancia.<\/p>\n<p>En lo que se refiere a la fijaci\u00f3n de precios, son considerados \u00abni\u00f1os\u00bb, los clientes de entre 5 y 12 a\u00f1os de edad para el aplicaci\u00f3n de la tarifa de ni\u00f1os. 12 a\u00f1os de edad hacia arriba, paga al mismo precio que los adultos. No se cobrar\u00e1 ni\u00f1os (infante) menores de 5 a\u00f1os. El distribuidor y Express Check-In ECI, SRL., como yourconcierge.net, se reserva el derecho de solicitar cualquier documento que compruebe la informaci\u00f3n en caso de duda.<\/p>\n<p><strong>Pol\u00edtica de privacidad<\/strong><\/p>\n<p>Su privacidad es muy importante para nosotros. En consecuencia, hemos desarrollado esta Pol\u00edtica para que usted pueda entender c\u00f3mo recogemos, utilizamos, comunicamos y divulgamos y hacemos uso de la informaci\u00f3n personal.<\/p>\n<p><u>La informaci\u00f3n t\u00edpica que recopilamos de usted:<\/u><\/p>\n<ul>\n<li>Nombre;<\/li>\n<li>Informaci\u00f3n de contacto (correo electr\u00f3nico \/ tel\u00e9fono \/ direcci\u00f3n postal);<\/li>\n<li>Historial de compras y c\u00f3mo utiliza nuestros sitios web y aplicaciones m\u00f3viles;<\/li>\n<li>Informaci\u00f3n del pago;<\/li>\n<li>La informaci\u00f3n de ubicaci\u00f3n, si ha permitido que nuestra aplicaci\u00f3n m\u00f3vil para hacerlo;<\/li>\n<li>Informaci\u00f3n t\u00e9cnica sobre el navegador y dispositivo.<\/li>\n<\/ul>\n<p>A continuaci\u00f3n, se describe nuestra pol\u00edtica de privacidad:<\/p>\n<ul>\n<li>Antes o en el momento de la recogida de informaci\u00f3n personal, identificaremos los fines para los que est\u00e1 siendo recopilada, como si es con fines de promoci\u00f3n tambi\u00e9n.<\/li>\n<li>Vamos a recoger y usar su informaci\u00f3n personal con el \u00fanico objetivo de cumplir con los fines especificados por nosotros y para otros fines compatibles, a menos que obtengamos el consentimiento de la persona en cuesti\u00f3n o de lo requerido por ley.<\/li>\n<li>S\u00f3lo se conservar\u00e1n los datos personales durante el tiempo necesario para el cumplimiento de dichos fines y con fines de promoci\u00f3n de actividades que estar\u00e1n de acuerdo a su historial de reserva.<\/li>\n<li>Recolectaremos informaci\u00f3n personal por medios leg\u00edtimos y justos y, en su caso, con el conocimiento o consentimiento de la persona en cuesti\u00f3n.<\/li>\n<li>Los datos personales deben ser relevantes para los fines para los que se va a utilizar, y, en la medida necesaria para esos fines, debe ser precisa, completa y actualizada.<\/li>\n<li>Protegeremos la informaci\u00f3n personal mediante medidas razonables de seguridad contra p\u00e9rdida o robo, as\u00ed como el acceso no autorizado, revelaci\u00f3n, copia, uso o modificaci\u00f3n.<br \/>\nPonemos a disposici\u00f3n la informaci\u00f3n para el cliente sobre nuestras pol\u00edticas y pr\u00e1cticas relativas a la gesti\u00f3n de informaci\u00f3n personal.<\/li>\n<\/ul>\n<p>Estamos comprometidos a llevar a cabo nuestro negocio de acuerdo con \u00e9stos principios con el fin de garantizar que la confidencialidad de la informaci\u00f3n personal est\u00e9 protegida y mantenida.<\/p>\n<p><strong>Responsabilidad<\/strong><\/p>\n<p>Express Check-In ECI, SRL., como yourconcierge.net, se exime de responsabilidad por cualquier p\u00e9rdida, da\u00f1os, accidentes, enfermedad o cambios en los horarios causado por el clima, huelgas o cualquier otra irregularidad fuera del control Express Check-In ECI, SRL ., como yourconcierge.net. Express Check-In ECI, SRL., como yourconcierge.net, act\u00faa de buena fe, y no se hace responsable de cualquier agente, hotel, tour operador, gu\u00eda, restaurante (Distribuidor) o actos de cualquier otra persona o empresa, incumplimientos o retrasos. Express Check-In ECI, SRL., como yourconcierge.net, se reserva el derecho a modificar las rutas, itinerarios y horarios de salida, sin previo aviso, si surge la necesidad o alguna emergencia.<\/p>\n<p>Los hu\u00e9spedes est\u00e1n obligados a seguir las instrucciones de los profesionales, tales como gu\u00edas de turismo, alquiler de coches, con respecto a la seguridad y regulaciones. Express Check-In ECI, SRL., como yourconcierge.net, no asume ninguna responsabilidad por los accidentes causados por el comportamiento imprudente de los clientes, o la falta de notificaci\u00f3n ante una necesidad especial o m\u00e9dica.<\/p>\n<p>Express Check-In ECI, SRL., como yourconcierge.net, no asume responsabilidad alguna por las mujeres embarazadas que decidan participar en cualquier viaje que ofrecemos, en contra de los consejos, advertencias o limitaciones establecidas y se establecer\u00e1n claramente en nuestro sitio web. Incluso en la situaci\u00f3n de que no haya un riesgo identificado por escrito, una mujer embarazada es responsable de su decisi\u00f3n y debe consultar a un m\u00e9dico y obtener una opini\u00f3n m\u00e9dica antes de participar a dicha actividad.<\/p>\n<p><strong>Los enlaces a otros sitios web y servicios<\/strong><\/p>\n<p>Los Sitios pueden contener enlaces a otros sitios web que no est\u00e1n bajo el control de Express Check-In ECI, SRL, el cual no es responsable de los sitios web vinculados ni la vinculaci\u00f3n constituye un respaldo de cualquier sitio web vinculado. Si utiliza los enlaces, abandonar\u00e1 el sitio web y sus actividades puede regirse por los t\u00e9rminos y condiciones y pr\u00e1cticas de privacidad de \u00e9se sitio web. Los enlaces se proporcionan \u00fanicamente para la comodidad y la informaci\u00f3n de los sitios de los usuarios. Express Check-In ECI, SRL., como yourconcierge.net, no ha revisado todos los sitios vinculados a su p\u00e1gina de Internet y no es responsable de los contenidos de dicho sitio. La inclusi\u00f3n de estos v\u00ednculos no implica aprobaci\u00f3n por Express Check-In ECI, SRL., como yourconcierge.net, del sitio. El uso de cualquier sitio web vinculado cae bajo el propio riesgo del usuario.<\/p>\n<p><strong>Preguntas, comentarios y quejas<\/strong><\/p>\n<p>Toda la informaci\u00f3n en nuestro sitio web de Express Check-In ECI, SRL., como yourconcierge.net, est\u00e1 sujeto a cambios. Express Check-In ECI, SRL., como yourconcierge.net, se reserva el derecho de modificar \/ cambiar \/ corregir los errores que puedan aparecer posiblemente en Express Check-In ECI, SRL., como yourconcierge.net.<\/p>\n<p>Express Check-In ECI, SRL, como yourconcierge.net &#8211; Direcci\u00f3n: Boulevard 1ro. De Noviembre No. 406,\u00a0Edificio Cedro, Local 3007,\u00a0Punta Cana, La Altagracia, Rep\u00fablica Dominicana;\u00a0tel: 829-962-6423 y\/o 809-653-8808; correo electr\u00f3nico: <a href=\"mailto:info@expresscheckin.net\">info@expresscheckin.net<\/a>, <a href=\"mailto:info@yourconcierge.net\">info@yourconcierge.net.<\/a><\/p>\n<\/div><\/section><\/p><\/div>\n","protected":false},"excerpt":{"rendered":"","protected":false},"author":1,"featured_media":0,"parent":0,"menu_order":0,"comment_status":"closed","ping_status":"closed","template":"","meta":{"footnotes":""},"yoast_head":"<!-- This site is optimized with the Yoast SEO plugin v15.7 - https:\/\/yoast.com\/wordpress\/plugins\/seo\/ -->\n<title>T\u00e9rminos y Condiciones<\/title>\n<meta name=\"description\" content=\"Estos son los t\u00e9rminos y condiciones de Your Concierge que se aplican a las operaciones comerciales, al uso de este sitio web y a la aplicaci\u00f3n relacionada.\" \/>\n<meta name=\"robots\" content=\"index, follow, max-snippet:-1, max-image-preview:large, max-video-preview:-1\" \/>\n<link rel=\"canonical\" href=\"https:\/\/www.yourconcierge.net\/es\/terminos-y-condiciones\/\" \/>\n<meta property=\"og:locale\" content=\"es_ES\" \/>\n<meta property=\"og:type\" content=\"article\" \/>\n<meta property=\"og:title\" content=\"T\u00e9rminos y Condiciones\" \/>\n<meta property=\"og:description\" content=\"Estos son los t\u00e9rminos y condiciones de Your Concierge que se aplican a las operaciones comerciales, al uso de este sitio web y a la aplicaci\u00f3n relacionada.\" \/>\n<meta property=\"og:url\" content=\"https:\/\/www.yourconcierge.net\/es\/terminos-y-condiciones\/\" \/>\n<meta property=\"og:site_name\" content=\"Your Concierge\" \/>\n<meta property=\"article:publisher\" content=\"http:\/\/facebook.com\/yourconciergeapp\" \/>\n<meta property=\"article:modified_time\" content=\"2018-01-27T13:33:53+00:00\" \/>\n<meta name=\"twitter:card\" content=\"summary\" \/>\n<meta name=\"twitter:site\" content=\"@yourconciergeap\" \/>\n<meta name=\"twitter:label1\" content=\"Tiempo de lectura\">\n\t<meta name=\"twitter:data1\" content=\"12 minutos\">\n<script type=\"application\/ld+json\" class=\"yoast-schema-graph\">{\"@context\":\"https:\/\/schema.org\",\"@graph\":[{\"@type\":\"WebSite\",\"@id\":\"http:\/\/www.yourconcierge.net\/#website\",\"url\":\"http:\/\/www.yourconcierge.net\/\",\"name\":\"Your Concierge\",\"description\":\"Aplicaci\\u00f3n m\\u00f3vil de Consejer\\u00eda Personal\",\"potentialAction\":[{\"@type\":\"SearchAction\",\"target\":\"http:\/\/www.yourconcierge.net\/?s={search_term_string}\",\"query-input\":\"required name=search_term_string\"}],\"inLanguage\":\"es\"},{\"@type\":\"WebPage\",\"@id\":\"https:\/\/www.yourconcierge.net\/es\/terminos-y-condiciones\/#webpage\",\"url\":\"https:\/\/www.yourconcierge.net\/es\/terminos-y-condiciones\/\",\"name\":\"T\\u00e9rminos y Condiciones\",\"isPartOf\":{\"@id\":\"http:\/\/www.yourconcierge.net\/#website\"},\"datePublished\":\"2016-06-09T19:14:44+00:00\",\"dateModified\":\"2018-01-27T13:33:53+00:00\",\"description\":\"Estos son los t\\u00e9rminos y condiciones de Your Concierge que se aplican a las operaciones comerciales, al uso de este sitio web y a la aplicaci\\u00f3n relacionada.\",\"inLanguage\":\"es\",\"potentialAction\":[{\"@type\":\"ReadAction\",\"target\":[\"https:\/\/www.yourconcierge.net\/es\/terminos-y-condiciones\/\"]}]}]}<\/script>\n<!-- \/ Yoast SEO plugin. -->","_links":{"self":[{"href":"http:\/\/www.yourconcierge.net\/es\/wp-json\/wp\/v2\/pages\/717\/"}],"collection":[{"href":"http:\/\/www.yourconcierge.net\/es\/wp-json\/wp\/v2\/pages\/"}],"about":[{"href":"http:\/\/www.yourconcierge.net\/es\/wp-json\/wp\/v2\/types\/page\/"}],"author":[{"embeddable":true,"href":"http:\/\/www.yourconcierge.net\/es\/wp-json\/wp\/v2\/users\/1\/"}],"replies":[{"embeddable":true,"href":"http:\/\/www.yourconcierge.net\/es\/wp-json\/wp\/v2\/comments\/?post=717"}],"version-history":[{"count":0,"href":"http:\/\/www.yourconcierge.net\/es\/wp-json\/wp\/v2\/pages\/717\/revisions\/"}],"wp:attachment":[{"href":"http:\/\/www.yourconcierge.net\/es\/wp-json\/wp\/v2\/media\/?parent=717"}],"curies":[{"name":"wp","href":"https:\/\/api.w.org\/{rel}","templated":true}]}}