{"id":713,"date":"2016-06-09T13:14:42","date_gmt":"2016-06-09T17:14:42","guid":{"rendered":"http:\/\/www.yourconcierge.net\/es\/partnership\/"},"modified":"2017-04-22T03:34:01","modified_gmt":"2017-04-22T07:34:01","slug":"asociados","status":"publish","type":"page","link":"http:\/\/www.yourconcierge.net\/es\/asociados\/","title":{"rendered":"ASOCIADOS"},"content":{"rendered":"<div id='full_slider_1' class='avia-fullwidth-slider main_color avia-shadow   avia-builder-el-0  el_before_av_one_full  avia-builder-el-first  container_wrap fullsize' style=' '  ><div  data-size='no scaling'  data-lightbox_size='large'  data-animation='fade'  data-conditional_play=''  data-ids='199,224'  data-video_counter='0'  data-autoplay='false'  data-bg_slider='false'  data-slide_height=''  data-handle='av_slideshow_full'  data-interval='5'  data-class=' image_no_stretch'  data-css_id=''  data-scroll_down=''  data-control_layout='av-control-default'  data-custom_markup=''  data-perma_caption=''  data-autoplay_stopper=''  data-image_attachment=''  data-min_height='0px'  data-src=''  data-position='top left'  data-repeat='no-repeat'  data-attach='scroll'  data-stretch='image_no_stretch'  class='avia-slideshow avia-slideshow-1  av-control-default av-default-height-applied avia-slideshow-no scaling av_slideshow_full  image_no_stretch avia-fade-slider '  itemprop=\"ImageObject\" itemscope=\"itemscope\" itemtype=\"https:\/\/schema.org\/ImageObject\" ><ul class='avia-slideshow-inner ' style='padding-bottom: 37.5%;' ><li  class=' av-single-slide slide-1 ' ><div data-rel='slideshow-1' class='avia-slide-wrap '  title='Your Concierge - Asociados' ><img src='http:\/\/www.yourconcierge.net\/wp-content\/uploads\/YourConcierge-Partnership.jpg' width='1600' height='600' title='Your Concierge - Asociados' alt='Your Concierge - Asociados'  itemprop=\"thumbnailUrl\"   \/><\/div><\/li><\/ul><\/div><\/div><div id='after_full_slider_1' class='main_color av_default_container_wrap container_wrap fullsize' style=' '  ><div class='container' ><div class='template-page content  av-content-full alpha units'><div class='post-entry post-entry-type-page post-entry-713'><div class='entry-content-wrapper clearfix'>\n<div class=\"flex_column av_one_full  flex_column_div av-zero-column-padding first  avia-builder-el-1  el_after_av_slideshow_full  el_before_av_two_third  avia-builder-el-first  \" style='border-radius:0px; '><p><div style='padding-bottom:10px; ' class='av-special-heading av-special-heading-h2    avia-builder-el-2  el_before_av_textblock  avia-builder-el-first   '><h2 class='av-special-heading-tag '  itemprop=\"headline\"  >Expandiendo la red<\/h2><div class='special-heading-border'><div class='special-heading-inner-border' ><\/div><\/div><\/div><br \/>\n<section class=\"av_textblock_section \"  itemscope=\"itemscope\" itemtype=\"https:\/\/schema.org\/CreativeWork\" ><div class='avia_textblock  '   itemprop=\"text\" ><p>Nuestra red establecida de miembros y proveedores de servicios cuidadosamente seleccionados evidencia que <strong>Your Concierge<\/strong>\u00a0puede proporcionar los mejores servicios, los accesos y la experiencia para nuestros clientes. D\u00eda a d\u00eda seguimos ampliando nuestra red a nuevas ciudades y pa\u00edses con el fin de satisfacer las necesidades de los clientes m\u00e1s exigentes.<\/p>\n<p>Cada interacci\u00f3n con su empresa causa un impacto en su cliente, ya sea positivo o negativo. Entendemos que esta relaci\u00f3n es vital y a la vez delicada. Podemos ayudarle a determinar las mejores oportunidades para conectar su marca con sus clientes a trav\u00e9s de la formas m\u00e1s duraderas y significativas. Esto se logra a trav\u00e9s de la adaptaci\u00f3n de nuestra oferta de servicios de asesor\u00eda y coordinaci\u00f3n a metas y objetivos espec\u00edficos de sus productos. P\u00f3ngase hoy\u00a0<a href=\"http:\/\/www.yourconcierge.net\/es\/contacto\/\">en contacto<\/a> con uno de nuestros gerentes de afiliaci\u00f3n para obtener m\u00e1s informaci\u00f3n acerca de <strong>nuestra red<\/strong>.<\/p>\n<\/div><\/section><br \/>\n<div style='height:20px' class='hr hr-invisible   avia-builder-el-4  el_after_av_textblock  el_before_av_textblock '><span class='hr-inner ' ><span class='hr-inner-style'><\/span><\/span><\/div><br \/>\n<section class=\"av_textblock_section \"  itemscope=\"itemscope\" itemtype=\"https:\/\/schema.org\/CreativeWork\" ><div class='avia_textblock  '   itemprop=\"text\" ><blockquote>\n<p>\u201cEl dar conecta a dos personas, el dador y el receptor y \u00e9sta conexi\u00f3n da luz a un nuevo sentido de pertenencia.\u201d Deepak Chopra<\/p>\n<\/blockquote>\n<\/div><\/section><\/p><\/div><div class=\"flex_column av_two_third  flex_column_div av-zero-column-padding first  avia-builder-el-6  el_after_av_one_full  avia-builder-el-last  column-top-margin\" style='border-radius:0px; '><p><section class=\"av_textblock_section \"  itemscope=\"itemscope\" itemtype=\"https:\/\/schema.org\/CreativeWork\" ><div class='avia_textblock  '   itemprop=\"text\" ><p><strong>Convi\u00e9rtase en\u00a0nuestro asociado<\/strong><\/p>\n<ul>\n<li>Nuestros asociados\u00a0y proveedores de servicios son nuestros mejores aliados y quienes manejan informaciones privilegiadas. Esperamos con gran inter\u00e9s escuchar de usted y las oportunidades para trabajar juntos. Por favor, p\u00f3ngase en contacto con nosotros y prov\u00e9anos algunos detalles acerca de usted.<\/li>\n<\/ul>\n<p><strong>Programa de Agente de Viajes<\/strong><\/p>\n<ul>\n<li><strong>Your Concierge<\/strong>\u00a0con orgullo les da la bienvenida a las agencias de viaje y marcas de todo el mundo. Si usted es una agencia de viajes y\/ o una compa\u00f1\u00eda de viajes, estamos a la espera de o\u00edr de usted y le damos la bienvenida a la oportunidad de trabajar juntos.<\/li>\n<\/ul>\n<p><strong>Convi\u00e9rtase en una parte del equipo<\/strong><\/p>\n<ul>\n<li><strong>Your Concierge<\/strong>\u00a0es una empresa de r\u00e1pido crecimiento en busca de ampliar su red de administradores y Concierges alrededor del mundo. <strong>Your Concierge<\/strong>\u00a0est\u00e1 buscando constantemente individuos motivados, apasionados y enfocados en los negocios para brindar servicio a nuestros clientes.<\/li>\n<\/ul>\n<\/div><\/section><br \/>\n<div style='height:30px' class='hr hr-invisible   avia-builder-el-8  el_after_av_textblock  el_before_av_button_big  avia-builder-el-last '><span class='hr-inner ' ><span class='hr-inner-style'><\/span><\/span><\/div><br \/>\n<div class='avia-button-wrap avia-button-center  avia-builder-el-9  el_after_av_hr  avia-builder-el-last '><a href='http:\/\/www.yourconcierge.net\/es\/contacto\/' class='avia-button avia-button-fullwidth   avia-icon_select-no avia-color-black '  style='color:#ca9731; ' ><span class='avia_iconbox_title' >CONT\u00c1CTACTENOS PARA M\u00c1S INFORMACI\u00d3N SOBRE SU AFILIACION<\/span><span class='avia_button_background avia-button avia-button-fullwidth avia-color-custom' style='background-color:#e0b13a; '><\/span><\/a><\/div><\/p><\/div><\/p>\n","protected":false},"excerpt":{"rendered":"","protected":false},"author":1,"featured_media":0,"parent":0,"menu_order":0,"comment_status":"closed","ping_status":"closed","template":"","meta":{"footnotes":""},"yoast_head":"<!-- This site is optimized with the Yoast SEO plugin v15.7 - https:\/\/yoast.com\/wordpress\/plugins\/seo\/ -->\n<title>Asociados<\/title>\n<meta name=\"description\" content=\"Expanda sus servicios y mejore su oferta con la app de Your Concierge. \u00danase a nuestra red. Diferentes opciones disponibles para asociados.\" \/>\n<meta name=\"robots\" content=\"index, follow, max-snippet:-1, max-image-preview:large, max-video-preview:-1\" \/>\n<link rel=\"canonical\" href=\"http:\/\/www.yourconcierge.net\/es\/asociados\/\" \/>\n<meta property=\"og:locale\" content=\"es_ES\" \/>\n<meta property=\"og:type\" content=\"article\" \/>\n<meta property=\"og:title\" content=\"Asociados\" \/>\n<meta property=\"og:description\" content=\"Expanda sus servicios y mejore su oferta con la app de Your Concierge. \u00danase a nuestra red. Diferentes opciones disponibles para asociados.\" \/>\n<meta property=\"og:url\" content=\"http:\/\/www.yourconcierge.net\/es\/asociados\/\" \/>\n<meta property=\"og:site_name\" content=\"Your Concierge\" \/>\n<meta property=\"article:publisher\" content=\"http:\/\/facebook.com\/yourconciergeapp\" \/>\n<meta property=\"article:modified_time\" content=\"2017-04-22T07:34:01+00:00\" \/>\n<meta name=\"twitter:card\" content=\"summary\" \/>\n<meta name=\"twitter:site\" content=\"@yourconciergeap\" \/>\n<meta name=\"twitter:label1\" content=\"Tiempo de lectura\">\n\t<meta name=\"twitter:data1\" content=\"4 minutos\">\n<script type=\"application\/ld+json\" class=\"yoast-schema-graph\">{\"@context\":\"https:\/\/schema.org\",\"@graph\":[{\"@type\":\"WebSite\",\"@id\":\"http:\/\/www.yourconcierge.net\/#website\",\"url\":\"http:\/\/www.yourconcierge.net\/\",\"name\":\"Your Concierge\",\"description\":\"Aplicaci\\u00f3n m\\u00f3vil de Consejer\\u00eda Personal\",\"potentialAction\":[{\"@type\":\"SearchAction\",\"target\":\"http:\/\/www.yourconcierge.net\/?s={search_term_string}\",\"query-input\":\"required name=search_term_string\"}],\"inLanguage\":\"es\"},{\"@type\":\"WebPage\",\"@id\":\"http:\/\/www.yourconcierge.net\/es\/asociados\/#webpage\",\"url\":\"http:\/\/www.yourconcierge.net\/es\/asociados\/\",\"name\":\"Asociados\",\"isPartOf\":{\"@id\":\"http:\/\/www.yourconcierge.net\/#website\"},\"datePublished\":\"2016-06-09T17:14:42+00:00\",\"dateModified\":\"2017-04-22T07:34:01+00:00\",\"description\":\"Expanda sus servicios y mejore su oferta con la app de Your Concierge. \\u00danase a nuestra red. Diferentes opciones disponibles para asociados.\",\"inLanguage\":\"es\",\"potentialAction\":[{\"@type\":\"ReadAction\",\"target\":[\"http:\/\/www.yourconcierge.net\/es\/asociados\/\"]}]}]}<\/script>\n<!-- \/ Yoast SEO plugin. -->","_links":{"self":[{"href":"http:\/\/www.yourconcierge.net\/es\/wp-json\/wp\/v2\/pages\/713\/"}],"collection":[{"href":"http:\/\/www.yourconcierge.net\/es\/wp-json\/wp\/v2\/pages\/"}],"about":[{"href":"http:\/\/www.yourconcierge.net\/es\/wp-json\/wp\/v2\/types\/page\/"}],"author":[{"embeddable":true,"href":"http:\/\/www.yourconcierge.net\/es\/wp-json\/wp\/v2\/users\/1\/"}],"replies":[{"embeddable":true,"href":"http:\/\/www.yourconcierge.net\/es\/wp-json\/wp\/v2\/comments\/?post=713"}],"version-history":[{"count":0,"href":"http:\/\/www.yourconcierge.net\/es\/wp-json\/wp\/v2\/pages\/713\/revisions\/"}],"wp:attachment":[{"href":"http:\/\/www.yourconcierge.net\/es\/wp-json\/wp\/v2\/media\/?parent=713"}],"curies":[{"name":"wp","href":"https:\/\/api.w.org\/{rel}","templated":true}]}}