{"id":701,"date":"2016-06-09T13:17:41","date_gmt":"2016-06-09T17:17:41","guid":{"rendered":"http:\/\/www.yourconcierge.net\/es\/paises\/cuba\/"},"modified":"2016-08-26T15:37:41","modified_gmt":"2016-08-26T19:37:41","slug":"cuba","status":"publish","type":"page","link":"http:\/\/www.yourconcierge.net\/es\/paises\/cuba\/","title":{"rendered":"CUBA"},"content":{"rendered":"<div id='full_slider_1' class='avia-fullwidth-slider main_color avia-shadow   avia-builder-el-0  el_before_av_one_full  avia-builder-el-first  container_wrap fullsize' style=' '  ><div  data-size='featured_large'  data-lightbox_size='large'  data-animation='fade'  data-conditional_play=''  data-ids='270,277,278'  data-video_counter='0'  data-autoplay='true'  data-bg_slider='false'  data-slide_height=''  data-handle='av_slideshow_full'  data-interval='3'  data-class=' image_no_stretch'  data-css_id=''  data-scroll_down=''  data-control_layout='av-control-default'  data-custom_markup=''  data-perma_caption=''  data-autoplay_stopper=''  data-image_attachment=''  data-min_height='0px'  data-src=''  data-position='top left'  data-repeat='no-repeat'  data-attach='scroll'  data-stretch='image_no_stretch'  data-default-height='42'  class='avia-slideshow avia-slideshow-1  av-control-default av-default-height-applied avia-slideshow-featured_large av_slideshow_full  image_no_stretch avia-fade-slider '  itemprop=\"ImageObject\" itemscope=\"itemscope\" itemtype=\"https:\/\/schema.org\/ImageObject\" ><ul class='avia-slideshow-inner ' style='padding-bottom: 42%;' ><li  class=' slide-1 ' ><div data-rel='slideshow-1' class='avia-slide-wrap '   ><img src='http:\/\/www.yourconcierge.net\/wp-content\/uploads\/YourConcierge-Cuba1.jpg' width='1500' height='630' title='Your Concierge - Pa\u00edses - Cuba' alt='Your Concierge - Pa\u00edses - Cuba'  itemprop=\"thumbnailUrl\"   \/><\/div><\/li><li  class=' slide-2 ' ><div data-rel='slideshow-1' class='avia-slide-wrap '  title='Your Concierge - Pa\u00edses - Cuba' ><img src='http:\/\/www.yourconcierge.net\/wp-content\/uploads\/YourConcierge-Cuba2.jpg' width='1500' height='630' title='Your Concierge - Pa\u00edses - Cuba' alt='Your Concierge - Pa\u00edses - Cuba'  itemprop=\"thumbnailUrl\"   \/><\/div><\/li><li  class=' slide-3 ' ><div data-rel='slideshow-1' class='avia-slide-wrap '  title='Your Concierge - Pa\u00edses - Cuba' ><img src='http:\/\/www.yourconcierge.net\/wp-content\/uploads\/YourConcierge-Cuba3.jpg' width='1500' height='630' title='Your Concierge - Pa\u00edses - Cuba' alt='Your Concierge - Pa\u00edses - Cuba'  itemprop=\"thumbnailUrl\"   \/><\/div><\/li><\/ul><div class='avia-slideshow-arrows avia-slideshow-controls'><a href='#prev' class='prev-slide' aria-hidden='true' data-av_icon='\ue87c' data-av_iconfont='entypo-fontello'>Anterior<\/a><a href='#next' class='next-slide' aria-hidden='true' data-av_icon='\ue87d' data-av_iconfont='entypo-fontello'>Posterior<\/a><\/div><div class='avia-slideshow-dots avia-slideshow-controls'><a href='#1' class='goto-slide active' >1<\/a><a href='#2' class='goto-slide ' >2<\/a><a href='#3' class='goto-slide ' >3<\/a><\/div><\/div><\/div><div id='after_full_slider_1' class='main_color av_default_container_wrap container_wrap fullsize' style=' '  ><div class='container' ><div class='template-page content  av-content-full alpha units'><div class='post-entry post-entry-type-page post-entry-701'><div class='entry-content-wrapper clearfix'>\n<div class=\"flex_column av_one_full  flex_column_div av-zero-column-padding first  avia-builder-el-1  el_after_av_slideshow_full  avia-builder-el-no-sibling  \" style='border-radius:0px; '><p><div style='padding-bottom:10px; ' class='av-special-heading av-special-heading-h2    avia-builder-el-2  el_before_av_textblock  avia-builder-el-first   '><h2 class='av-special-heading-tag '  itemprop=\"headline\"  >\u00a1CUBA &#8211; MUY PRONTO!<\/h2><div class='special-heading-border'><div class='special-heading-inner-border' ><\/div><\/div><\/div><br \/>\n<section class=\"av_textblock_section \"  itemscope=\"itemscope\" itemtype=\"https:\/\/schema.org\/CreativeWork\" ><div class='avia_textblock  '   itemprop=\"text\" ><p>Cuba es una isla llena de arte vibrante, la m\u00fasica y los pueblos est\u00e1n envueltos en el encanto colonial que conmueve el alma. Es el hogar de nueve sitios del patrimonio mundial de la UNESCO y goza de una poblaci\u00f3n tan c\u00e1lida y brillante, as\u00ed como su clima tropical y su arte colorido, es un pa\u00eds que pide ser explorado.<\/p>\n<p>La isla est\u00e1 dividida en 15 provincias y un municipio especial, Isla de la Juventud. Las \u00e1reas m\u00e1s notables de Cuba incluyen: el \u00e1rea rural de Pinar del R\u00edo, donde el cultivo de tabaco impulso el sector econ\u00f3mico; Santiago de Cuba en la costa, la segunda ciudad m\u00e1s grande del pa\u00eds al lado de La Habana, lleno de colorido con influencia afrocubana; y Trinidad colonial, una tranquila ciudad designada como patrimonio de la humanidad de UNESCO, situado entre majestuosas monta\u00f1as y el mar.<\/p>\n<p>Se dice que visitar Cuba es como viajar a trav\u00e9s del tiempo. De hecho, los carros cl\u00e1sicos, los edificios envejecidos y la historia \u00fanica lleva a crear una experiencia inolvidable en este encantador pa\u00eds, la cual permanece con los visitantes mucho tiempo despu\u00e9s de su regreso a casa.<\/p>\n<p>La Habana, muy antiguo y moderno al mismo tiempo, tiene un encanto casi indescriptible de lo cual muchos est\u00e1n de acuerdo, y no s\u00f3lo sus habitantes, sino que aquellos que no lo entienden, no han conocido Cuba.<\/p>\n<p>Hay muchos lugares que lo distinguen como el Castillo de los Tres Reyes Magos del Morro, el de la Fuerza Real, la Catedral de La Habana, el Malec\u00f3n (Rompeolas), el Capitolio y la estatua del Cristo de La Habana, por as\u00ed nombrar s\u00f3lo los m\u00e1s destacados.<\/p>\n<\/div><\/section><br \/>\n<div style='height:20px' class='hr hr-invisible   avia-builder-el-4  el_after_av_textblock  el_before_av_heading '><span class='hr-inner ' ><span class='hr-inner-style'><\/span><\/span><\/div><br \/>\n<div style='padding-bottom:10px; ' class='av-special-heading av-special-heading-h4  blockquote modern-quote modern-centered  avia-builder-el-5  el_after_av_hr  el_before_av_hr  '><h4 class='av-special-heading-tag '  itemprop=\"headline\"  >\u00a1NO SE PIERDA LOS PR\u00d3XIMOS TOURS Y ACTIVIDADES QUE YOUR CONCIERGE LE DISE\u00d1AR\u00c1 SOLO A USTED, PARA QUE PUEDA DISFRUTAR LO MEJOR DE CUBA!<\/h4><div class='special-heading-border'><div class='special-heading-inner-border' ><\/div><\/div><\/div><br \/>\n<div style='height:20px' class='hr hr-invisible   avia-builder-el-6  el_after_av_heading  avia-builder-el-last '><span class='hr-inner ' ><span class='hr-inner-style'><\/span><\/span><\/div><\/p><\/div>\n","protected":false},"excerpt":{"rendered":"","protected":false},"author":1,"featured_media":0,"parent":697,"menu_order":0,"comment_status":"closed","ping_status":"closed","template":"","meta":{"footnotes":""},"yoast_head":"<!-- This site is optimized with the Yoast SEO plugin v15.7 - https:\/\/yoast.com\/wordpress\/plugins\/seo\/ -->\n<title>Cuba<\/title>\n<meta name=\"description\" content=\"Estamos preparando lo mejor de Cuba con los servicios de Your Concierge: excursiones, los mejores restaurantes y bares, eventos musicales inolvidables y m\u00e1s\" \/>\n<meta name=\"robots\" content=\"index, follow, max-snippet:-1, max-image-preview:large, max-video-preview:-1\" \/>\n<link rel=\"canonical\" href=\"https:\/\/www.yourconcierge.net\/es\/paises\/cuba\/\" \/>\n<meta property=\"og:locale\" content=\"es_ES\" \/>\n<meta property=\"og:type\" content=\"article\" \/>\n<meta property=\"og:title\" content=\"Cuba\" \/>\n<meta property=\"og:description\" content=\"Estamos preparando lo mejor de Cuba con los servicios de Your Concierge: excursiones, los mejores restaurantes y bares, eventos musicales inolvidables y m\u00e1s\" \/>\n<meta property=\"og:url\" content=\"https:\/\/www.yourconcierge.net\/es\/paises\/cuba\/\" \/>\n<meta property=\"og:site_name\" content=\"Your Concierge\" \/>\n<meta property=\"article:publisher\" content=\"http:\/\/facebook.com\/yourconciergeapp\" \/>\n<meta property=\"article:modified_time\" content=\"2016-08-26T19:37:41+00:00\" \/>\n<meta name=\"twitter:card\" content=\"summary\" \/>\n<meta name=\"twitter:site\" content=\"@yourconciergeap\" \/>\n<meta name=\"twitter:label1\" content=\"Tiempo de lectura\">\n\t<meta name=\"twitter:data1\" content=\"4 minutos\">\n<script type=\"application\/ld+json\" class=\"yoast-schema-graph\">{\"@context\":\"https:\/\/schema.org\",\"@graph\":[{\"@type\":\"WebSite\",\"@id\":\"http:\/\/www.yourconcierge.net\/#website\",\"url\":\"http:\/\/www.yourconcierge.net\/\",\"name\":\"Your Concierge\",\"description\":\"Aplicaci\\u00f3n m\\u00f3vil de Consejer\\u00eda Personal\",\"potentialAction\":[{\"@type\":\"SearchAction\",\"target\":\"http:\/\/www.yourconcierge.net\/?s={search_term_string}\",\"query-input\":\"required name=search_term_string\"}],\"inLanguage\":\"es\"},{\"@type\":\"WebPage\",\"@id\":\"https:\/\/www.yourconcierge.net\/es\/paises\/cuba\/#webpage\",\"url\":\"https:\/\/www.yourconcierge.net\/es\/paises\/cuba\/\",\"name\":\"Cuba\",\"isPartOf\":{\"@id\":\"http:\/\/www.yourconcierge.net\/#website\"},\"datePublished\":\"2016-06-09T17:17:41+00:00\",\"dateModified\":\"2016-08-26T19:37:41+00:00\",\"description\":\"Estamos preparando lo mejor de Cuba con los servicios de Your Concierge: excursiones, los mejores restaurantes y bares, eventos musicales inolvidables y m\\u00e1s\",\"inLanguage\":\"es\",\"potentialAction\":[{\"@type\":\"ReadAction\",\"target\":[\"https:\/\/www.yourconcierge.net\/es\/paises\/cuba\/\"]}]}]}<\/script>\n<!-- \/ Yoast SEO plugin. -->","_links":{"self":[{"href":"http:\/\/www.yourconcierge.net\/es\/wp-json\/wp\/v2\/pages\/701\/"}],"collection":[{"href":"http:\/\/www.yourconcierge.net\/es\/wp-json\/wp\/v2\/pages\/"}],"about":[{"href":"http:\/\/www.yourconcierge.net\/es\/wp-json\/wp\/v2\/types\/page\/"}],"author":[{"embeddable":true,"href":"http:\/\/www.yourconcierge.net\/es\/wp-json\/wp\/v2\/users\/1\/"}],"replies":[{"embeddable":true,"href":"http:\/\/www.yourconcierge.net\/es\/wp-json\/wp\/v2\/comments\/?post=701"}],"version-history":[{"count":0,"href":"http:\/\/www.yourconcierge.net\/es\/wp-json\/wp\/v2\/pages\/701\/revisions\/"}],"up":[{"embeddable":true,"href":"http:\/\/www.yourconcierge.net\/es\/wp-json\/wp\/v2\/pages\/697\/"}],"wp:attachment":[{"href":"http:\/\/www.yourconcierge.net\/es\/wp-json\/wp\/v2\/media\/?parent=701"}],"curies":[{"name":"wp","href":"https:\/\/api.w.org\/{rel}","templated":true}]}}