{"id":697,"date":"2016-06-09T13:17:32","date_gmt":"2016-06-09T17:17:32","guid":{"rendered":"http:\/\/www.yourconcierge.net\/es\/countries\/"},"modified":"2018-09-18T15:54:52","modified_gmt":"2018-09-18T19:54:52","slug":"paises","status":"publish","type":"page","link":"http:\/\/www.yourconcierge.net\/es\/paises\/","title":{"rendered":"PA\u00cdSES"},"content":{"rendered":"<div class=\"flex_column av_one_full  flex_column_div av-zero-column-padding first  avia-builder-el-0  el_before_av_one_half  avia-builder-el-first  \" style='border-radius:0px; '><p><div style='padding-bottom:10px; ' class='av-special-heading av-special-heading-h3    avia-builder-el-1  el_before_av_textblock  avia-builder-el-first  '><h3 class='av-special-heading-tag '  itemprop=\"headline\"  >EXPLORE LOS DESTINOS DE YOUR CONCIERGE<\/h3><div class='special-heading-border'><div class='special-heading-inner-border' ><\/div><\/div><\/div><br \/>\n<section class=\"av_textblock_section \"  itemscope=\"itemscope\" itemtype=\"https:\/\/schema.org\/CreativeWork\" ><div class='avia_textblock  '   itemprop=\"text\" ><p>Estamos constantemente expandiendo nuestra red a nuevos pa\u00edses y ciudades. En cada destino es importante para nosotros ser capaces de proporcionar los servicios de m\u00e1s alta calidad a nuestros clientes mediante la selecci\u00f3n de lo mejor que ese destino pueda ofrecer. Cuidadosamente seleccionados y probados por nuestro equipo, y luego hechas a la medida solo para usted adapt\u00e1ndolo a sus intereses y preferencias, le traemos un contenido superior para su pr\u00f3ximo viaje: desde las diferentes opciones de transporte y alojamientos de alto nivel, los mejores restaurantes, bares y vida nocturna, a las actividades minuciosamente seleccionadas tal como excursiones y eventos que no debe perderse durante su estad\u00eda. Desde el momento de su llegada y durante toda su estancia, <strong>nuestro equipo de expertos de Your Concierge<\/strong>\u00a0se har\u00e1 cargo de todas sus necesidades con el fin de hacer de su estad\u00eda una experiencia inolvidable.<\/p>\n<p>Si el destino que usted busca no est\u00e1 aqu\u00ed, por favor, <a href=\"http:\/\/www.yourconcierge.net\/es\/contacto\/\">p\u00f3ngase en contacto<\/a> con nosotros para verificar si ya lo estamos cubriendo con nuestros servicios.<\/p>\n<\/div><\/section><\/p><\/div>\n<div class=\"flex_column av_one_half  flex_column_div av-zero-column-padding first  avia-builder-el-3  el_after_av_one_full  el_before_av_one_half  column-top-margin\" style='border-radius:0px; '><p><div  data-size='featured_large'  data-lightbox_size='large'  data-animation='fade'  data-conditional_play=''  data-ids='283,284,434'  data-video_counter='0'  data-autoplay='true'  data-bg_slider='false'  data-slide_height=''  data-handle='av_slideshow'  data-interval='3'  data-class=' avia-builder-el-4  el_before_av_button_big  avia-builder-el-no-sibling  '  data-css_id=''  data-scroll_down=''  data-control_layout='av-control-default'  data-custom_markup=''  data-perma_caption=''  data-autoplay_stopper=''  data-image_attachment=''  data-min_height='0px'  data-default-height='42'  class='avia-slideshow avia-slideshow-1  av-control-default av-default-height-applied avia-slideshow-featured_large av_slideshow  avia-builder-el-4  el_before_av_button_big  avia-builder-el-no-sibling   avia-fade-slider '  itemprop=\"ImageObject\" itemscope=\"itemscope\" itemtype=\"https:\/\/schema.org\/ImageObject\" ><ul class='avia-slideshow-inner ' style='padding-bottom: 42%;' ><li  class=' slide-1 ' ><a href='http:\/\/www.yourconcierge.net\/es\/paises\/republica-dominicana\/' data-rel='slideshow-1' class='avia-slide-wrap '   ><img src='http:\/\/www.yourconcierge.net\/wp-content\/uploads\/YourConcierge-DominicanRepublic3.jpg' width='1500' height='630' title='Your Concierge - Pa\u00edses - Rep\u00fablica Dominicana' alt='Your Concierge - Pa\u00edses - Rep\u00fablica Dominicana'  itemprop=\"thumbnailUrl\"   \/><\/a><\/li><li  class=' slide-2 ' ><a href='http:\/\/www.yourconcierge.net\/es\/paises\/republica-dominicana\/' data-rel='slideshow-1' class='avia-slide-wrap '   ><img src='http:\/\/www.yourconcierge.net\/wp-content\/uploads\/YourConcierge-DominicanRepublic4.jpg' width='1500' height='630' title='Your Concierge - Pa\u00edses - Rep\u00fablica Dominicana' alt='Your Concierge - Pa\u00edses - Rep\u00fablica Dominicana'  itemprop=\"thumbnailUrl\"   \/><\/a><\/li><li  class=' slide-3 ' ><a href='http:\/\/www.yourconcierge.net\/es\/paises\/republica-dominicana\/' data-rel='slideshow-1' class='avia-slide-wrap '   ><img src='http:\/\/www.yourconcierge.net\/wp-content\/uploads\/YourConcierge-DominicanRepublic1.jpg' width='1500' height='630' title='Your Concierge - Pa\u00edses - Rep\u00fablica Dominicana' alt='Your Concierge - Pa\u00edses - Rep\u00fablica Dominicana'  itemprop=\"thumbnailUrl\"   \/><\/a><\/li><\/ul><div class='avia-slideshow-arrows avia-slideshow-controls'><a href='#prev' class='prev-slide' aria-hidden='true' data-av_icon='\ue87c' data-av_iconfont='entypo-fontello'>Anterior<\/a><a href='#next' class='next-slide' aria-hidden='true' data-av_icon='\ue87d' data-av_iconfont='entypo-fontello'>Posterior<\/a><\/div><div class='avia-slideshow-dots avia-slideshow-controls'><a href='#1' class='goto-slide active' >1<\/a><a href='#2' class='goto-slide ' >2<\/a><a href='#3' class='goto-slide ' >3<\/a><\/div><\/div><br \/>\n<div class='avia-button-wrap avia-button-center  avia-builder-el-5  el_after_av_slideshow  avia-builder-el-last '><a href='http:\/\/www.yourconcierge.net\/es\/paises\/republica-dominicana\/' class='avia-button avia-button-fullwidth   avia-icon_select-no avia-color-custom '  style='color:#000000; background-color:#ffffff;  ' ><span class='avia_iconbox_title' >REP\u00daBLICA DOMINICANA<\/span><span class='avia_button_background avia-button avia-button-fullwidth avia-color-custom' style='background-color:#e0b13a; '><\/span><\/a><\/div><\/p><\/div>\n<div class=\"flex_column av_one_half  flex_column_div av-zero-column-padding   avia-builder-el-6  el_after_av_one_half  avia-builder-el-last  column-top-margin\" style='border-radius:0px; '><p><div  data-size='featured_large'  data-lightbox_size='large'  data-animation='fade'  data-conditional_play=''  data-ids='270,277,278'  data-video_counter='0'  data-autoplay='true'  data-bg_slider='false'  data-slide_height=''  data-handle='av_slideshow'  data-interval='3'  data-class=' avia-builder-el-7  el_before_av_button_big  avia-builder-el-no-sibling  '  data-css_id=''  data-scroll_down=''  data-control_layout='av-control-default'  data-custom_markup=''  data-perma_caption=''  data-autoplay_stopper=''  data-image_attachment=''  data-min_height='0px'  data-default-height='42'  class='avia-slideshow avia-slideshow-2  av-control-default av-default-height-applied avia-slideshow-featured_large av_slideshow  avia-builder-el-7  el_before_av_button_big  avia-builder-el-no-sibling   avia-fade-slider '  itemprop=\"ImageObject\" itemscope=\"itemscope\" itemtype=\"https:\/\/schema.org\/ImageObject\" ><ul class='avia-slideshow-inner ' style='padding-bottom: 42%;' ><li  class=' slide-1 ' ><a href='http:\/\/www.yourconcierge.net\/es\/paises\/cuba\/' data-rel='slideshow-2' class='avia-slide-wrap '   ><img src='http:\/\/www.yourconcierge.net\/wp-content\/uploads\/YourConcierge-Cuba1.jpg' width='1500' height='630' title='Your Concierge - Pa\u00edses - Cuba' alt='Your Concierge - Pa\u00edses - Cuba'  itemprop=\"thumbnailUrl\"   \/><\/a><\/li><li  class=' slide-2 ' ><a href='http:\/\/www.yourconcierge.net\/es\/paises\/cuba\/' data-rel='slideshow-2' class='avia-slide-wrap '   ><img src='http:\/\/www.yourconcierge.net\/wp-content\/uploads\/YourConcierge-Cuba2.jpg' width='1500' height='630' title='Your Concierge - Pa\u00edses - Cuba' alt='Your Concierge - Pa\u00edses - Cuba'  itemprop=\"thumbnailUrl\"   \/><\/a><\/li><li  class=' slide-3 ' ><a href='http:\/\/www.yourconcierge.net\/es\/paises\/cuba\/' data-rel='slideshow-2' class='avia-slide-wrap '   ><img src='http:\/\/www.yourconcierge.net\/wp-content\/uploads\/YourConcierge-Cuba3.jpg' width='1500' height='630' title='Your Concierge - Pa\u00edses - Cuba' alt='Your Concierge - Pa\u00edses - Cuba'  itemprop=\"thumbnailUrl\"   \/><\/a><\/li><\/ul><div class='avia-slideshow-arrows avia-slideshow-controls'><a href='#prev' class='prev-slide' aria-hidden='true' data-av_icon='\ue87c' data-av_iconfont='entypo-fontello'>Anterior<\/a><a href='#next' class='next-slide' aria-hidden='true' data-av_icon='\ue87d' data-av_iconfont='entypo-fontello'>Posterior<\/a><\/div><div class='avia-slideshow-dots avia-slideshow-controls'><a href='#1' class='goto-slide active' >1<\/a><a href='#2' class='goto-slide ' >2<\/a><a href='#3' class='goto-slide ' >3<\/a><\/div><\/div><br \/>\n<div class='avia-button-wrap avia-button-center  avia-builder-el-8  el_after_av_slideshow  avia-builder-el-last '><a href='http:\/\/www.yourconcierge.net\/es\/paises\/cuba\/' class='avia-button avia-button-fullwidth   avia-icon_select-no avia-color-custom '  style='color:#000000; background-color:#ffffff;  ' ><span class='avia_iconbox_title' >CUBA<\/span><span class='avia_button_background avia-button avia-button-fullwidth avia-color-custom' style='background-color:#e0b13a; '><\/span><\/a><\/div><\/p><\/div>\n","protected":false},"excerpt":{"rendered":"","protected":false},"author":1,"featured_media":0,"parent":0,"menu_order":0,"comment_status":"closed","ping_status":"closed","template":"","meta":{"footnotes":""},"yoast_head":"<!-- This site is optimized with the Yoast SEO plugin v15.7 - https:\/\/yoast.com\/wordpress\/plugins\/seo\/ -->\n<title>Pa\u00edses<\/title>\n<meta name=\"description\" content=\"Explore los destinos donde Your Concierge brinda los distintos servicios. Estamos constantemente expandiendo nuestra red a nuevos pa\u00edses y ciudades.\" \/>\n<meta name=\"robots\" content=\"index, follow, max-snippet:-1, max-image-preview:large, max-video-preview:-1\" \/>\n<link rel=\"canonical\" href=\"http:\/\/www.yourconcierge.net\/es\/paises\/\" \/>\n<meta property=\"og:locale\" content=\"es_ES\" \/>\n<meta property=\"og:type\" content=\"article\" \/>\n<meta property=\"og:title\" content=\"Pa\u00edses\" \/>\n<meta property=\"og:description\" content=\"Explore los destinos donde Your Concierge brinda los distintos servicios. Estamos constantemente expandiendo nuestra red a nuevos pa\u00edses y ciudades.\" \/>\n<meta property=\"og:url\" content=\"http:\/\/www.yourconcierge.net\/es\/paises\/\" \/>\n<meta property=\"og:site_name\" content=\"Your Concierge\" \/>\n<meta property=\"article:publisher\" content=\"http:\/\/facebook.com\/yourconciergeapp\" \/>\n<meta property=\"article:modified_time\" content=\"2018-09-18T19:54:52+00:00\" \/>\n<meta name=\"twitter:card\" content=\"summary\" \/>\n<meta name=\"twitter:site\" content=\"@yourconciergeap\" \/>\n<meta name=\"twitter:label1\" content=\"Tiempo de lectura\">\n\t<meta name=\"twitter:data1\" content=\"5 minutos\">\n<script type=\"application\/ld+json\" class=\"yoast-schema-graph\">{\"@context\":\"https:\/\/schema.org\",\"@graph\":[{\"@type\":\"WebSite\",\"@id\":\"http:\/\/www.yourconcierge.net\/#website\",\"url\":\"http:\/\/www.yourconcierge.net\/\",\"name\":\"Your Concierge\",\"description\":\"Aplicaci\\u00f3n m\\u00f3vil de Consejer\\u00eda Personal\",\"potentialAction\":[{\"@type\":\"SearchAction\",\"target\":\"http:\/\/www.yourconcierge.net\/?s={search_term_string}\",\"query-input\":\"required name=search_term_string\"}],\"inLanguage\":\"es\"},{\"@type\":\"WebPage\",\"@id\":\"http:\/\/www.yourconcierge.net\/es\/paises\/#webpage\",\"url\":\"http:\/\/www.yourconcierge.net\/es\/paises\/\",\"name\":\"Pa\\u00edses\",\"isPartOf\":{\"@id\":\"http:\/\/www.yourconcierge.net\/#website\"},\"datePublished\":\"2016-06-09T17:17:32+00:00\",\"dateModified\":\"2018-09-18T19:54:52+00:00\",\"description\":\"Explore los destinos donde Your Concierge brinda los distintos servicios. Estamos constantemente expandiendo nuestra red a nuevos pa\\u00edses y ciudades.\",\"inLanguage\":\"es\",\"potentialAction\":[{\"@type\":\"ReadAction\",\"target\":[\"http:\/\/www.yourconcierge.net\/es\/paises\/\"]}]}]}<\/script>\n<!-- \/ Yoast SEO plugin. -->","_links":{"self":[{"href":"http:\/\/www.yourconcierge.net\/es\/wp-json\/wp\/v2\/pages\/697\/"}],"collection":[{"href":"http:\/\/www.yourconcierge.net\/es\/wp-json\/wp\/v2\/pages\/"}],"about":[{"href":"http:\/\/www.yourconcierge.net\/es\/wp-json\/wp\/v2\/types\/page\/"}],"author":[{"embeddable":true,"href":"http:\/\/www.yourconcierge.net\/es\/wp-json\/wp\/v2\/users\/1\/"}],"replies":[{"embeddable":true,"href":"http:\/\/www.yourconcierge.net\/es\/wp-json\/wp\/v2\/comments\/?post=697"}],"version-history":[{"count":0,"href":"http:\/\/www.yourconcierge.net\/es\/wp-json\/wp\/v2\/pages\/697\/revisions\/"}],"wp:attachment":[{"href":"http:\/\/www.yourconcierge.net\/es\/wp-json\/wp\/v2\/media\/?parent=697"}],"curies":[{"name":"wp","href":"https:\/\/api.w.org\/{rel}","templated":true}]}}