{"id":693,"date":"2016-06-09T13:14:31","date_gmt":"2016-06-09T17:14:31","guid":{"rendered":"http:\/\/www.yourconcierge.net\/es\/app\/"},"modified":"2018-09-18T17:13:08","modified_gmt":"2018-09-18T21:13:08","slug":"app","status":"publish","type":"page","link":"http:\/\/www.yourconcierge.net\/es\/app\/","title":{"rendered":"APP"},"content":{"rendered":"<div id='full_slider_1' class='avia-fullwidth-slider main_color avia-shadow   avia-builder-el-0  el_before_av_one_full  avia-builder-el-first  container_wrap fullsize' style=' '  ><div  data-size='no scaling'  data-lightbox_size='large'  data-animation='slide'  data-conditional_play=''  data-ids='248'  data-video_counter='0'  data-autoplay='false'  data-bg_slider='false'  data-slide_height=''  data-handle='av_slideshow_full'  data-interval='5'  data-class=' image_no_stretch'  data-css_id=''  data-scroll_down=''  data-control_layout='av-control-default'  data-custom_markup=''  data-perma_caption=''  data-autoplay_stopper=''  data-image_attachment=''  data-min_height='0px'  data-src=''  data-position='top left'  data-repeat='no-repeat'  data-attach='scroll'  data-stretch='image_no_stretch'  class='avia-slideshow avia-slideshow-1  av-control-default av-default-height-applied avia-slideshow-no scaling av_slideshow_full  image_no_stretch avia-slide-slider '  itemprop=\"ImageObject\" itemscope=\"itemscope\" itemtype=\"https:\/\/schema.org\/ImageObject\" ><ul class='avia-slideshow-inner ' style='padding-bottom: 37.5%;' ><li  class=' av-single-slide slide-1 ' ><div data-rel='slideshow-1' class='avia-slide-wrap '  title='Your Concierge - App' ><img src='http:\/\/www.yourconcierge.net\/wp-content\/uploads\/YourConcierge-App1.jpg' width='1600' height='600' title='Your Concierge - App' alt='Your Concierge - App'  itemprop=\"thumbnailUrl\"   \/><\/div><\/li><\/ul><\/div><\/div><div id='after_full_slider_1' class='main_color av_default_container_wrap container_wrap fullsize' style=' '  ><div class='container' ><div class='template-page content  av-content-full alpha units'><div class='post-entry post-entry-type-page post-entry-693'><div class='entry-content-wrapper clearfix'>\n<div class=\"flex_column av_one_full  flex_column_div av-zero-column-padding first  avia-builder-el-1  el_after_av_slideshow_full  el_before_av_one_half  avia-builder-el-first  \" style='border-radius:0px; '><p><div style='padding-bottom:10px; ' class='av-special-heading av-special-heading-h2    avia-builder-el-2  el_before_av_textblock  avia-builder-el-first   '><h2 class='av-special-heading-tag '  itemprop=\"headline\"  >Podr\u00e1 encontrar tanto a tan solo un paso<\/h2><div class='special-heading-border'><div class='special-heading-inner-border' ><\/div><\/div><\/div><br \/>\n<section class=\"av_textblock_section \"  itemscope=\"itemscope\" itemtype=\"https:\/\/schema.org\/CreativeWork\" ><div class='avia_textblock  '   itemprop=\"text\" ><p>El concepto de la\u00a0<strong>aplicaci\u00f3n\u00a0Your Concierge<\/strong>\u00a0naci\u00f3 de una simple idea: ya sea que usted se ponga en contacto con nosotros tan pronto cuando decida el pa\u00eds de destino y nos encargar\u00edamos\u00a0de enviarle toda la informaci\u00f3n y opciones necesarias, o ya sea en cualquier otro momento que usted decida optar por contactarnos como por ejemplo tan pronto que usted llegue\u00a0a su destino, de tal forma que nuestro equipo de asesores expertos se encargar\u00edan de guiarlo con todo lo mejor de la ubicaci\u00f3n y desde ah\u00ed efectuar sus reservas deseadas.<\/p>\n<p><strong>Nuestro equipo de Your Concierge estar\u00e1 ah\u00ed para asistirle 24\/7 con el fin de coordinar todas sus necesidades, incluso las que no est\u00e9n listadas en nuestros servicios.<\/strong><\/p>\n<\/div><\/section><\/p><\/div>\n<div class=\"flex_column av_one_half  flex_column_div av-zero-column-padding first  avia-builder-el-4  el_after_av_one_full  el_before_av_one_half  column-top-margin\" style='border-radius:0px; '><p><div style='padding-bottom:10px; ' class='av-special-heading av-special-heading-h3    avia-builder-el-5  el_before_av_textblock  avia-builder-el-first   '><h3 class='av-special-heading-tag '  itemprop=\"headline\"  >Descargue nuestra aplicaci\u00f3n<\/h3><div class='special-heading-border'><div class='special-heading-inner-border' ><\/div><\/div><\/div><br \/>\n<section class=\"av_textblock_section \"  itemscope=\"itemscope\" itemtype=\"https:\/\/schema.org\/CreativeWork\" ><div class='avia_textblock  '   itemprop=\"text\" ><p>Una vez que usted descargue la aplicaci\u00f3n y se registre, podr\u00e1 elegir su destino y ver as\u00ed todos los servicios disponibles. Un mapa del destino le dar\u00e1 una visi\u00f3n general de los lugares de inter\u00e9s, y tambi\u00e9n lo que es popular y cu\u00e1l es la clasificaci\u00f3n de nuestros usuarios.<\/p>\n<\/div><\/section><br \/>\n<div style='padding-bottom:10px; ' class='av-special-heading av-special-heading-h3    avia-builder-el-7  el_after_av_textblock  el_before_av_textblock   '><h3 class='av-special-heading-tag '  itemprop=\"headline\"  >Elija un servicio<\/h3><div class='special-heading-border'><div class='special-heading-inner-border' ><\/div><\/div><\/div><br \/>\n<section class=\"av_textblock_section \"  itemscope=\"itemscope\" itemtype=\"https:\/\/schema.org\/CreativeWork\" ><div class='avia_textblock  '   itemprop=\"text\" ><p>Usted podr\u00e1 elegir los servicios de una de las siguientes categor\u00edas: Gastronom\u00eda, Gesti\u00f3n de Eventos, Vida Nocturna, Excursiones, Golf, \u00a0Eventos Especiales, Transportes de Lujo, Traslados &amp; Alquiler de veh\u00edculos, Salud. M\u00e1s categor\u00edas est\u00e1n previstas para un futuro pr\u00f3ximo.<\/p>\n<p>En cada categor\u00eda, se muestran las diferentes opciones disponibles. Usted puede comprar inmediatamente, o marcarlos como favoritos. Para algunos se pueden hacer reservas con antelaci\u00f3n.<\/p>\n<\/div><\/section><br \/>\n<div style='padding-bottom:10px; ' class='av-special-heading av-special-heading-h3    avia-builder-el-9  el_after_av_textblock  el_before_av_textblock   '><h3 class='av-special-heading-tag '  itemprop=\"headline\"  >Solicitudes especiales<\/h3><div class='special-heading-border'><div class='special-heading-inner-border' ><\/div><\/div><\/div><br \/>\n<section class=\"av_textblock_section \"  itemscope=\"itemscope\" itemtype=\"https:\/\/schema.org\/CreativeWork\" ><div class='avia_textblock  '   itemprop=\"text\" ><p>Si usted tiene cualquier petici\u00f3n o necesidad especifica que no se ofrece en la aplicaci\u00f3n directamente, nos aseguraremos de hacer todo lo posible para pod\u00e9rsela coordinar y brindar. Si usted est\u00e1 planeando los detalles de su viaje con anticipaci\u00f3n, podr\u00edamos en conjunto armar un paquete de los distintos servicios que usted desear\u00e1 aprovechar durante su estad\u00eda.<\/p>\n<\/div><\/section><br \/>\n<div style='padding-bottom:10px; ' class='av-special-heading av-special-heading-h3    avia-builder-el-11  el_after_av_textblock  el_before_av_textblock   '><h3 class='av-special-heading-tag '  itemprop=\"headline\"  >Chat en vivo 24\/7\/365 y Notificaciones<\/h3><div class='special-heading-border'><div class='special-heading-inner-border' ><\/div><\/div><\/div><br \/>\n<section class=\"av_textblock_section \"  itemscope=\"itemscope\" itemtype=\"https:\/\/schema.org\/CreativeWork\" ><div class='avia_textblock  '   itemprop=\"text\" ><p>La aplicaci\u00f3n cuenta con un chat en vivo, donde se tiene el apoyo 24\/7\/365 de nuestros agentes para cualquier pregunta o petici\u00f3n que pueda tener.<\/p>\n<p>Recibir\u00e1 notificaciones para recordarle de sus pr\u00f3ximos eventos. Adem\u00e1s, si se a\u00f1aden nuevos eventos y ofertas especiales a la selecci\u00f3n de nuestros productos durante su viaje, se le estar\u00eda notificando a trav\u00e9s de la misma v\u00eda.<\/p>\n<\/div><\/section><br \/>\n<div style='padding-bottom:10px; ' class='av-special-heading av-special-heading-h3    avia-builder-el-13  el_after_av_textblock  el_before_av_textblock   '><h3 class='av-special-heading-tag '  itemprop=\"headline\"  >Proceso de compra<\/h3><div class='special-heading-border'><div class='special-heading-inner-border' ><\/div><\/div><\/div><br \/>\n<section class=\"av_textblock_section \"  itemscope=\"itemscope\" itemtype=\"https:\/\/schema.org\/CreativeWork\" ><div class='avia_textblock  '   itemprop=\"text\" ><p>Una vez que usted seleccione un producto o servicio, ser\u00e1 adicionado a su carro de compras, donde luego podr\u00e1 procesar el pago f\u00e1cilmente y de modo seguro.<\/p>\n<\/div><\/section><br \/>\n<div style='padding-bottom:10px; ' class='av-special-heading av-special-heading-h3    avia-builder-el-15  el_after_av_textblock  el_before_av_textblock   '><h3 class='av-special-heading-tag '  itemprop=\"headline\"  >En su idioma<\/h3><div class='special-heading-border'><div class='special-heading-inner-border' ><\/div><\/div><\/div><br \/>\n<section class=\"av_textblock_section \"  itemscope=\"itemscope\" itemtype=\"https:\/\/schema.org\/CreativeWork\" ><div class='avia_textblock  '   itemprop=\"text\" ><p>Tenemos disponibles la App y el apoyo en los siguientes idiomas: espa\u00f1ol, ingl\u00e9s y franc\u00e9s. M\u00e1s opciones estar\u00e1n disponibles pronto.<\/p>\n<\/div><\/section><br \/>\n<section class=\"av_textblock_section \"  itemscope=\"itemscope\" itemtype=\"https:\/\/schema.org\/CreativeWork\" ><div class='avia_textblock  '   itemprop=\"text\" ><p><a href=\"http:\/\/www.yourconcierge.net\/es\/contacto\/\">Cont\u00e1ctenos<\/a> para obtener informaci\u00f3n m\u00e1s detallada.<\/p>\n<\/div><\/section><\/p><\/div><div class=\"flex_column av_one_half  flex_column_div av-zero-column-padding   avia-builder-el-18  el_after_av_one_half  el_before_av_section  avia-builder-el-last  column-top-margin\" style='border-radius:0px; '><p><div style='height:20px' class='hr hr-invisible   avia-builder-el-19  el_before_av_image  avia-builder-el-first '><span class='hr-inner ' ><span class='hr-inner-style'><\/span><\/span><\/div><br \/>\n<div class='avia-image-container  av-styling-    avia-builder-el-20  el_after_av_hr  avia-builder-el-last  avia-align-center '  itemprop=\"ImageObject\" itemscope=\"itemscope\" itemtype=\"https:\/\/schema.org\/ImageObject\"  ><div class='avia-image-container-inner'><div class='avia-image-overlay-wrap'><img class='avia_image' src='http:\/\/www.yourconcierge.net\/wp-content\/uploads\/YourConcierge-App2.jpg' alt='Your Concierge - Nuestra App' title='Your Concierge - Nuestra App' height=\"700\" width=\"700\"  itemprop=\"thumbnailUrl\"  \/><\/div><\/div><\/div><\/p><\/div><\/p>\n<\/div><\/div><\/div><!-- close content main div --><\/div><\/div><div id='av_section_1' class='avia-section main_color avia-section-no-padding avia-no-border-styling avia-bg-style-scroll  avia-builder-el-21  el_after_av_one_half  avia-builder-el-last   container_wrap fullsize' style='background-color: #0a0a0a;  '  ><div class='container' ><div class='template-page content  av-content-full alpha units'><div class='post-entry post-entry-type-page post-entry-693'><div class='entry-content-wrapper clearfix'>\n<div class=\"flex_column av_two_fifth  flex_column_div av-zero-column-padding first  avia-builder-el-22  el_before_av_three_fifth  avia-builder-el-first  \" style='border-radius:0px; '><p><div style='height:120px' class='hr hr-invisible   avia-builder-el-23  el_before_av_textblock  avia-builder-el-first '><span class='hr-inner ' ><span class='hr-inner-style'><\/span><\/span><\/div><br \/>\n<section class=\"av_textblock_section \"  itemscope=\"itemscope\" itemtype=\"https:\/\/schema.org\/CreativeWork\" ><div class='avia_textblock  '   itemprop=\"text\" ><p style=\"color: #ffffff; text-align: center;\">DISPONIBLE EN PLATAFORMAS IOS Y ANDROID. DESCARGUE GRATIS.<\/p>\n<\/div><\/section><br \/>\n<div style='height:20px' class='hr hr-invisible   avia-builder-el-25  el_after_av_textblock  el_before_av_image '><span class='hr-inner ' ><span class='hr-inner-style'><\/span><\/span><\/div><br \/>\n<div class='avia-image-container  av-styling-    avia-builder-el-26  el_after_av_hr  el_before_av_hr  avia-align-center '  itemprop=\"ImageObject\" itemscope=\"itemscope\" itemtype=\"https:\/\/schema.org\/ImageObject\"  ><div class='avia-image-container-inner'><div class='avia-image-overlay-wrap'><a href='https:\/\/itunes.apple.com\/us\/app\/your-concierge\/id1306464623?ls=1&amp;mt=8' class='avia_image'   target=\"_blank\" ><img class='avia_image ' src='http:\/\/www.yourconcierge.net\/wp-content\/uploads\/YourConcierge-AppStore-es.png' alt='Your Concierge - AppStore - es' title='Your Concierge - AppStore - es'  itemprop=\"thumbnailUrl\"  \/><\/a><\/div><\/div><\/div><br \/>\n<div style='height:20px' class='hr hr-invisible   avia-builder-el-27  el_after_av_image  el_before_av_image '><span class='hr-inner ' ><span class='hr-inner-style'><\/span><\/span><\/div><br \/>\n<div class='avia-image-container  av-styling-    avia-builder-el-28  el_after_av_hr  el_before_av_hr  avia-align-center '  itemprop=\"ImageObject\" itemscope=\"itemscope\" itemtype=\"https:\/\/schema.org\/ImageObject\"  ><div class='avia-image-container-inner'><div class='avia-image-overlay-wrap'><a href='http:\/\/play.google.com\/store\/apps\/details?id=concierge.diort.com.yourconcierge&amp;hl=en' class='avia_image'   target=\"_blank\" ><img class='avia_image ' src='http:\/\/www.yourconcierge.net\/wp-content\/uploads\/YourConcierge-GooglePlay-es.png' alt='Your Concierge - Google Play - es' title='Your Concierge - Google Play - es'  itemprop=\"thumbnailUrl\"  \/><\/a><\/div><\/div><\/div><br \/>\n<div style='height:40px' class='hr hr-invisible   avia-builder-el-29  el_after_av_image  avia-builder-el-last '><span class='hr-inner ' ><span class='hr-inner-style'><\/span><\/span><\/div><\/p><\/div><div class=\"flex_column av_three_fifth  flex_column_div av-zero-column-padding   avia-builder-el-30  el_after_av_two_fifth  avia-builder-el-last  \" style='border-radius:0px; '><div class='avia-image-container  av-styling-    avia-builder-el-31  avia-builder-el-no-sibling  avia-align-center '  itemprop=\"ImageObject\" itemscope=\"itemscope\" itemtype=\"https:\/\/schema.org\/ImageObject\"  ><div class='avia-image-container-inner'><div class='avia-image-overlay-wrap'><img class='avia_image' src='http:\/\/www.yourconcierge.net\/wp-content\/uploads\/YourConcierge-App3.png' alt='Your Concierge - Nuestra App' title='Your Concierge - Nuestra App' height=\"500\" width=\"700\"  itemprop=\"thumbnailUrl\"  \/><\/div><\/div><\/div><\/div>\n\n","protected":false},"excerpt":{"rendered":"","protected":false},"author":1,"featured_media":0,"parent":0,"menu_order":0,"comment_status":"closed","ping_status":"closed","template":"","meta":{"footnotes":""},"yoast_head":"<!-- This site is optimized with the Yoast SEO plugin v15.7 - https:\/\/yoast.com\/wordpress\/plugins\/seo\/ -->\n<title>App<\/title>\n<meta name=\"description\" content=\"La aplicaci\u00f3n de Tu Conserje es una aplicaci\u00f3n m\u00f3vil personalizada de asesor\u00eda y coordinaci\u00f3n que le proporciona una amplia gama de servicios.\" \/>\n<meta name=\"robots\" content=\"index, follow, max-snippet:-1, max-image-preview:large, max-video-preview:-1\" \/>\n<link rel=\"canonical\" href=\"https:\/\/www.yourconcierge.net\/es\/app\/\" \/>\n<meta property=\"og:locale\" content=\"es_ES\" \/>\n<meta property=\"og:type\" content=\"article\" \/>\n<meta property=\"og:title\" content=\"App\" \/>\n<meta property=\"og:description\" content=\"La aplicaci\u00f3n de Tu Conserje es una aplicaci\u00f3n m\u00f3vil personalizada de asesor\u00eda y coordinaci\u00f3n que le proporciona una amplia gama de servicios.\" \/>\n<meta property=\"og:url\" content=\"https:\/\/www.yourconcierge.net\/es\/app\/\" \/>\n<meta property=\"og:site_name\" content=\"Your Concierge\" \/>\n<meta property=\"article:publisher\" content=\"http:\/\/facebook.com\/yourconciergeapp\" \/>\n<meta property=\"article:modified_time\" content=\"2018-09-18T21:13:08+00:00\" \/>\n<meta name=\"twitter:card\" content=\"summary\" \/>\n<meta name=\"twitter:site\" content=\"@yourconciergeap\" \/>\n<meta name=\"twitter:label1\" content=\"Tiempo de lectura\">\n\t<meta name=\"twitter:data1\" content=\"9 minutos\">\n<script type=\"application\/ld+json\" class=\"yoast-schema-graph\">{\"@context\":\"https:\/\/schema.org\",\"@graph\":[{\"@type\":\"WebSite\",\"@id\":\"http:\/\/www.yourconcierge.net\/#website\",\"url\":\"http:\/\/www.yourconcierge.net\/\",\"name\":\"Your Concierge\",\"description\":\"Aplicaci\\u00f3n m\\u00f3vil de Consejer\\u00eda Personal\",\"potentialAction\":[{\"@type\":\"SearchAction\",\"target\":\"http:\/\/www.yourconcierge.net\/?s={search_term_string}\",\"query-input\":\"required name=search_term_string\"}],\"inLanguage\":\"es\"},{\"@type\":\"WebPage\",\"@id\":\"https:\/\/www.yourconcierge.net\/es\/app\/#webpage\",\"url\":\"https:\/\/www.yourconcierge.net\/es\/app\/\",\"name\":\"App\",\"isPartOf\":{\"@id\":\"http:\/\/www.yourconcierge.net\/#website\"},\"datePublished\":\"2016-06-09T17:14:31+00:00\",\"dateModified\":\"2018-09-18T21:13:08+00:00\",\"description\":\"La aplicaci\\u00f3n de Tu Conserje es una aplicaci\\u00f3n m\\u00f3vil personalizada de asesor\\u00eda y coordinaci\\u00f3n que le proporciona una amplia gama de servicios.\",\"inLanguage\":\"es\",\"potentialAction\":[{\"@type\":\"ReadAction\",\"target\":[\"https:\/\/www.yourconcierge.net\/es\/app\/\"]}]}]}<\/script>\n<!-- \/ Yoast SEO plugin. -->","_links":{"self":[{"href":"http:\/\/www.yourconcierge.net\/es\/wp-json\/wp\/v2\/pages\/693\/"}],"collection":[{"href":"http:\/\/www.yourconcierge.net\/es\/wp-json\/wp\/v2\/pages\/"}],"about":[{"href":"http:\/\/www.yourconcierge.net\/es\/wp-json\/wp\/v2\/types\/page\/"}],"author":[{"embeddable":true,"href":"http:\/\/www.yourconcierge.net\/es\/wp-json\/wp\/v2\/users\/1\/"}],"replies":[{"embeddable":true,"href":"http:\/\/www.yourconcierge.net\/es\/wp-json\/wp\/v2\/comments\/?post=693"}],"version-history":[{"count":0,"href":"http:\/\/www.yourconcierge.net\/es\/wp-json\/wp\/v2\/pages\/693\/revisions\/"}],"wp:attachment":[{"href":"http:\/\/www.yourconcierge.net\/es\/wp-json\/wp\/v2\/media\/?parent=693"}],"curies":[{"name":"wp","href":"https:\/\/api.w.org\/{rel}","templated":true}]}}